{"id":1306,"date":"2018-04-18T10:16:10","date_gmt":"2018-04-18T08:16:10","guid":{"rendered":"http:\/\/lbam.pwr.edu.pl\/?page_id=1306"},"modified":"2018-04-18T12:01:18","modified_gmt":"2018-04-18T10:01:18","slug":"kierowane-nosniki-lekow-iii-s-ii-st","status":"publish","type":"page","link":"https:\/\/lbam.pwr.edu.pl\/?page_id=1306","title":{"rendered":"Kierowane No\u015bniki Lek\u00f3w III S, II ST"},"content":{"rendered":"<h2>Zaj\u0119cia seminaryjne<\/h2>\n<p>Czwartek godz. 11:15-13:00 sala 304 B<\/p>\n<p>Czwartek godz. 15:15-17:00 sala 304 B<\/p>\n<p>Poni\u017cej znajduje si\u0119 lista temat\u00f3w oraz terminy w jakich b\u0119d\u0105 omawiane na zaj\u0119ciach seminaryjnych.<\/p>\n<p><span style=\"color: #ff0000;\">18\/04\/2018 <span style=\"color: #000000;\">ENSEAL<\/span><\/span><\/p>\n<p><span style=\"color: #ff0000;\">25\/04\/2018 <span style=\"color: #000000;\">MEGACE AMBISOME<br \/>\n<\/span><\/span><\/p>\n<p><span style=\"color: #ff0000;\">09\/05\/2018 <span style=\"color: #000000;\">EMEND, ENSEAL<\/span><\/span><\/p>\n<p><span style=\"color: #ff0000;\">16\/05\/2018 <span style=\"color: #000000;\">ABRAXANE, ACTICOAT<\/span><\/span><\/p>\n<p><span style=\"color: #ff0000;\">23\/05\/2018 <span style=\"color: #000000;\">THERMODOX, TRICOR<br \/>\n<\/span><\/span><\/p>\n","protected":false},"excerpt":{"rendered":"<p>Zaj\u0119cia seminaryjne Czwartek godz. 11:15-13:00 sala 304 B Czwartek godz. 15:15-17:00 sala 304 B Poni\u017cej znajduje si\u0119 lista temat\u00f3w oraz terminy w jakich b\u0119d\u0105 omawiane na zaj\u0119ciach seminaryjnych. 18\/04\/2018 ENSEAL 25\/04\/2018 MEGACE AMBISOME 09\/05\/2018 EMEND, ENSEAL 16\/05\/2018 ABRAXANE, ACTICOAT 23\/05\/2018 THERMODOX, TRICOR<\/p>\n<p><a href=\"https:\/\/lbam.pwr.edu.pl\/?page_id=1306\"><span class=\"glyphicon glyphicon-arrow-right\"><\/span>&nbsp;Continue reading<\/a><\/p>","protected":false},"author":1,"featured_media":0,"parent":0,"menu_order":0,"comment_status":"open","ping_status":"open","template":"","meta":{"footnotes":""},"_links":{"self":[{"href":"https:\/\/lbam.pwr.edu.pl\/index.php?rest_route=\/wp\/v2\/pages\/1306"}],"collection":[{"href":"https:\/\/lbam.pwr.edu.pl\/index.php?rest_route=\/wp\/v2\/pages"}],"about":[{"href":"https:\/\/lbam.pwr.edu.pl\/index.php?rest_route=\/wp\/v2\/types\/page"}],"author":[{"embeddable":true,"href":"https:\/\/lbam.pwr.edu.pl\/index.php?rest_route=\/wp\/v2\/users\/1"}],"replies":[{"embeddable":true,"href":"https:\/\/lbam.pwr.edu.pl\/index.php?rest_route=%2Fwp%2Fv2%2Fcomments&post=1306"}],"version-history":[{"count":5,"href":"https:\/\/lbam.pwr.edu.pl\/index.php?rest_route=\/wp\/v2\/pages\/1306\/revisions"}],"predecessor-version":[{"id":1313,"href":"https:\/\/lbam.pwr.edu.pl\/index.php?rest_route=\/wp\/v2\/pages\/1306\/revisions\/1313"}],"wp:attachment":[{"href":"https:\/\/lbam.pwr.edu.pl\/index.php?rest_route=%2Fwp%2Fv2%2Fmedia&parent=1306"}],"curies":[{"name":"wp","href":"https:\/\/api.w.org\/{rel}","templated":true}]}}