{"id":1361,"date":"2018-10-29T22:10:47","date_gmt":"2018-10-29T21:10:47","guid":{"rendered":"http:\/\/lbam.pwr.edu.pl\/?page_id=1361"},"modified":"2018-10-29T22:20:58","modified_gmt":"2018-10-29T21:20:58","slug":"modelowanie-ukladow-biologicznych","status":"publish","type":"page","link":"https:\/\/lbam.pwr.edu.pl\/?page_id=1361","title":{"rendered":"MODELOWANIE UK\u0141AD\u00d3W BIOLOGICZNYCH"},"content":{"rendered":"<h4>Prowadz\u0105cy: prof. Marek Langner<\/h4>\n<p>Przedmiot sk\u0142ada si\u0119 z trzech typ\u00f3w zaj\u0119\u0107:<\/p>\n<p>Wyk\u0142ad 15h | termin: poniedzia\u0142ek 8:15 | miejsce: sala 309 D1<\/p>\n<p>Projekt 15h miejsce: sala 015 D1<\/p>\n<p>\u0106wiczenia 15h | termin: czwartek 15:00 | miejsce: sala 309 D1<\/p>\n<p>&nbsp;<\/p>\n<h3>Materia\u0142y do zaj\u0119\u0107:<\/h3>\n<p>&nbsp;<\/p>\n<hr \/>\n<p style=\"text-align: left; font-size: 15px;\"><span style=\"color: #ff0000;\">\u0106WICZENIA<\/span><\/p>\n<p style=\"text-align: left;\"><span style=\"color: #ff0000;\">prowadz\u0105cy:<\/span> prof. Marek Langner <\/p>\n<p>&nbsp;<\/p>\n<p style=\"text-align: left;\"><span style=\"color: #000000;\">MATERIA\u0141Y <\/span><\/p>\n<p class=\"p1\"><span style=\"color: #ff0000;\">01.<\/span> CW LISTA &#8211; 1. <a href=\"http:\/\/lbam.pwr.edu.pl\/wp-content\/uploads\/2018\/10\/Lista-zadan\u0301-1.pdf\" target=\"_blank\" rel=\"noopener\">LISTA NR 1 <\/a><\/p>\n<p class=\"p1\"><span style=\"color: #ff0000;\">02.<\/span> CW LISTA &#8211; 2. <a href=\"http:\/\/lbam.pwr.edu.pl\/wp-content\/uploads\/2018\/10\/Lista-zadan\u0301-2.pdf\" target=\"_blank\" rel=\"noopener\">LISTA NR 2 <\/a><\/p>\n<p class=\"p1\"><span style=\"color: #ff0000;\">03.<\/span> CW LISTA &#8211; 3. <a href=\"http:\/\/lbam.pwr.edu.pl\/wp-content\/uploads\/2018\/10\/Lista-zadan\u0301-3.pdf\" target=\"_blank\" rel=\"noopener\">LISTA NR 3 <\/a><\/p>\n<p class=\"p1\"><span style=\"color: #ff0000;\">04.<\/span> CW LISTA &#8211; 4. <a href=\"http:\/\/lbam.pwr.edu.pl\/wp-content\/uploads\/2018\/10\/Lista-zadan\u0301-4.pdf\" target=\"_blank\" rel=\"noopener\">LISTA NR 4 <\/a><\/p>\n<p class=\"p1\"><span style=\"color: #ff0000;\">05.<\/span> CW LISTA &#8211; 5. <a href=\"http:\/\/lbam.pwr.edu.pl\/wp-content\/uploads\/2018\/10\/Lista-zadan\u0301-5.pdf\" target=\"_blank\" rel=\"noopener\">LISTA NR 5 <\/a><\/p>\n<p class=\"p1\"><span style=\"color: #ff0000;\">06.<\/span> CW LISTA &#8211; 6. <a href=\"http:\/\/lbam.pwr.edu.pl\/wp-content\/uploads\/2018\/10\/Lista-zadan\u0301-6A.pdf\" target=\"_blank\" rel=\"noopener\">LISTA NR 6 <\/a><\/p>\n<p class=\"p1\"><span style=\"color: #ff0000;\">07.<\/span> CW LISTA &#8211; 7. <a href=\"http:\/\/lbam.pwr.edu.pl\/wp-content\/uploads\/2018\/10\/Lista-zadan\u0301-7.pdf\" target=\"_blank\" rel=\"noopener\">LISTA NR 7 <\/a><\/p>\n<p class=\"p1\"><span style=\"color: #ff0000;\">08.<\/span> CW LISTA &#8211; 8. <a href=\"http:\/\/lbam.pwr.edu.pl\/wp-content\/uploads\/2018\/10\/Lista-zadan\u0301-8.pdf\" target=\"_blank\" rel=\"noopener\">LISTA NR 8 <\/a><\/p>\n","protected":false},"excerpt":{"rendered":"<p>Prowadz\u0105cy: prof. Marek Langner Przedmiot sk\u0142ada si\u0119 z trzech typ\u00f3w zaj\u0119\u0107: Wyk\u0142ad 15h | termin: poniedzia\u0142ek 8:15 | miejsce: sala 309 D1 Projekt 15h miejsce: sala 015 D1 \u0106wiczenia 15h | termin: czwartek 15:00 | miejsce: sala 309 D1 &nbsp; Materia\u0142y do zaj\u0119\u0107: &nbsp; \u0106WICZENIA prowadz\u0105cy: prof. Marek Langner &nbsp; MATERIA\u0141Y 01. CW LISTA &#8211;&#8230;<\/p>\n<p><a href=\"https:\/\/lbam.pwr.edu.pl\/?page_id=1361\"><span class=\"glyphicon glyphicon-arrow-right\"><\/span>&nbsp;Continue reading<\/a><\/p>","protected":false},"author":1,"featured_media":0,"parent":0,"menu_order":0,"comment_status":"closed","ping_status":"closed","template":"","meta":{"footnotes":""},"_links":{"self":[{"href":"https:\/\/lbam.pwr.edu.pl\/index.php?rest_route=\/wp\/v2\/pages\/1361"}],"collection":[{"href":"https:\/\/lbam.pwr.edu.pl\/index.php?rest_route=\/wp\/v2\/pages"}],"about":[{"href":"https:\/\/lbam.pwr.edu.pl\/index.php?rest_route=\/wp\/v2\/types\/page"}],"author":[{"embeddable":true,"href":"https:\/\/lbam.pwr.edu.pl\/index.php?rest_route=\/wp\/v2\/users\/1"}],"replies":[{"embeddable":true,"href":"https:\/\/lbam.pwr.edu.pl\/index.php?rest_route=%2Fwp%2Fv2%2Fcomments&post=1361"}],"version-history":[{"count":9,"href":"https:\/\/lbam.pwr.edu.pl\/index.php?rest_route=\/wp\/v2\/pages\/1361\/revisions"}],"predecessor-version":[{"id":1380,"href":"https:\/\/lbam.pwr.edu.pl\/index.php?rest_route=\/wp\/v2\/pages\/1361\/revisions\/1380"}],"wp:attachment":[{"href":"https:\/\/lbam.pwr.edu.pl\/index.php?rest_route=%2Fwp%2Fv2%2Fmedia&parent=1361"}],"curies":[{"name":"wp","href":"https:\/\/api.w.org\/{rel}","templated":true}]}}