{"id":1702,"date":"2023-11-20T18:19:35","date_gmt":"2023-11-20T17:19:35","guid":{"rendered":"http:\/\/lbam.pwr.edu.pl\/?page_id=1702"},"modified":"2023-11-20T18:23:52","modified_gmt":"2023-11-20T17:23:52","slug":"laboratory","status":"publish","type":"page","link":"https:\/\/lbam.pwr.edu.pl\/?page_id=1702","title":{"rendered":"PROJEKTY"},"content":{"rendered":"\n<figure class=\"wp-block-image size-large\"><a href=\"http:\/\/lbam.pwr.edu.pl\/wp-content\/uploads\/2023\/11\/Zrzut-ekranu-2023-11-18-o-13.15.19-1-scaled.jpg\"><img loading=\"lazy\" decoding=\"async\" width=\"1024\" height=\"332\" src=\"http:\/\/lbam.pwr.edu.pl\/wp-content\/uploads\/2023\/11\/Zrzut-ekranu-2023-11-18-o-13.15.19-1-1024x332.jpg\" alt=\"\" class=\"wp-image-1661\" srcset=\"https:\/\/lbam.pwr.edu.pl\/wp-content\/uploads\/2023\/11\/Zrzut-ekranu-2023-11-18-o-13.15.19-1-1024x332.jpg 1024w, https:\/\/lbam.pwr.edu.pl\/wp-content\/uploads\/2023\/11\/Zrzut-ekranu-2023-11-18-o-13.15.19-1-300x97.jpg 300w, https:\/\/lbam.pwr.edu.pl\/wp-content\/uploads\/2023\/11\/Zrzut-ekranu-2023-11-18-o-13.15.19-1-768x249.jpg 768w, https:\/\/lbam.pwr.edu.pl\/wp-content\/uploads\/2023\/11\/Zrzut-ekranu-2023-11-18-o-13.15.19-1-1536x499.jpg 1536w, https:\/\/lbam.pwr.edu.pl\/wp-content\/uploads\/2023\/11\/Zrzut-ekranu-2023-11-18-o-13.15.19-1-2048x665.jpg 2048w\" sizes=\"(max-width: 1024px) 100vw, 1024px\" \/><\/a><\/figure>\n\n\n\n<h2 class=\"wp-block-heading has-vivid-red-color has-text-color has-link-color wp-elements-39f068c01334f2056386bfaf001886fc\">OPUS -20 Narodowe Centrum Nauki <\/h2>\n\n\n\n<h2 class=\"wp-block-heading\" style=\"font-style:normal;font-weight:400\">Tytu\u0142 projektu: <\/h2>\n\n\n\n<p>Dostarczanie immunologicznych-aktywator\u00f3w do kom\u00f3rek fagocytuj\u0105cych w celu uzyskania odpowiedzi przeciwnowotworowej. <\/p>\n\n\n\n<p>Konsorcjum: Warszawki Uniwersytet Medyczny, Politechnika Wroc\u0142awska <\/p>\n\n\n\n<p>Kierownik projektu PWr: dr hab. Magdalena Przyby\u0142o <\/p>\n\n\n\n<p>Okres realizacji: 2022 &#8211; 2026 <\/p>\n\n\n\n<p class=\"has-text-align-left\">Streszczenie: Nowotwory s\u0105 z\u0142o\u017conymi tworami sk\u0142adaj\u0105cymi si\u0119 z r\u00f3\u017cnych kom\u00f3rek. G\u0142\u00f3wna populacja kom\u00f3rkowa to ztransformowane kom\u00f3rki rakowe, ale pozosta\u0142e to kom\u00f3rki mikro\u015brodowiska nowotworu. Kompozycja kom\u00f3rkowa mikro\u015brodowiska guza, szczeg\u00f3lnie poprzez dzia\u0142anie nowotworowych kom\u00f3rek odporno\u015bciowych, wp\u0142ywa na efektywno\u015b\u0107 terapii przeciwnowotworowej.<\/p>\n\n\n\n<p class=\"has-text-align-left\">W ostatnich latach obserwujemy bezprecedensowy sukces kliniczny terapii immunologicznych, np. za pomoc\u0105 inhibitor\u00f3w punkt\u00f3w kontrolnych lub limfocyt\u00f3w T z chimerycznymi receptorami antygenowymi. Jednak wielu pacjent\u00f3w z nowotworem wykazuje oporno\u015b\u0107 na immunoterapi\u0119. Oporno\u015b\u0107 ta jest powodowana przez niekorzystne, immunosupresyjne mikro\u015brodowisko guza, szczeg\u00f3lnie przez makrofagi, monocyty i hamuj\u0105ce kom\u00f3rki dendrytyczne. Aktywacja i przeprogramowanie kom\u00f3rek odporno\u015bciowych zr\u0119bu nowotworu, mo\u017ce umo\u017cliwi\u0107 skuteczn\u0105 odpowied\u017a immunologiczn\u0105 i terapi\u0119 np. przez inhibitory punkt\u00f3w kontrolnych.<\/p>\n\n\n\n<p class=\"has-text-align-left\">Celem tego projektu jest zbadanie optymalnego mechanizmu, kt\u00f3ry mo\u017ce aktywowa\u0107 makrofagi, aby u\u0142atwi\u0107 odpowied\u017a przeciwnowotworow\u0105. Planujemy to osi\u0105gn\u0105\u0107 poprzez stymulacj\u0119 prozapalnych \u015bcie\u017cek sygnalizacyjnych, kt\u00f3re normalnie s\u0105 aktywowane przez patogeny podczas infekcji. B\u0119dziemy stymulowa\u0107 immuno-aktywuj\u0105ce szlaki sygnalne TLR lub STING w makrofagach wewn\u0105trznowotworowych. Umo\u017cliwi to przeprogramowanie ich funkcji z pro- na przeciw-nowotworowe. W tym celu wykorzystamy liposomowe no\u015bniki zawieraj\u0105ce zwi\u0105zki aktywuj\u0105ce TLR lub STING. Badania b\u0119d\u0105 prowadzone w hodowlach kom\u00f3rek pierwotnych i linii nowotworowych jak i mysich modelach nowotworowych. Ostatecznie zbadamy efektywno\u015b\u0107 dostarczania ww. zwi\u0105zk\u00f3w do fagocyt\u00f3w i zmiany aktywacji makrofag\u00f3w wewn\u0105trznowotworowych, co b\u0119dzie mia\u0142o umo\u017cliwi\u0107 zahamowanie wzrostu nowotwor\u00f3w u mysich pacjent\u00f3w.<\/p>\n\n\n\n<figure class=\"wp-block-image size-large\"><a href=\"http:\/\/lbam.pwr.edu.pl\/wp-content\/uploads\/2023\/11\/Zrzut-ekranu-2023-11-18-o-13.33.32.png\"><img loading=\"lazy\" decoding=\"async\" width=\"1024\" height=\"451\" src=\"http:\/\/lbam.pwr.edu.pl\/wp-content\/uploads\/2023\/11\/Zrzut-ekranu-2023-11-18-o-13.33.32-1024x451.png\" alt=\"\" class=\"wp-image-1663\" srcset=\"https:\/\/lbam.pwr.edu.pl\/wp-content\/uploads\/2023\/11\/Zrzut-ekranu-2023-11-18-o-13.33.32-1024x451.png 1024w, https:\/\/lbam.pwr.edu.pl\/wp-content\/uploads\/2023\/11\/Zrzut-ekranu-2023-11-18-o-13.33.32-300x132.png 300w, https:\/\/lbam.pwr.edu.pl\/wp-content\/uploads\/2023\/11\/Zrzut-ekranu-2023-11-18-o-13.33.32-768x338.png 768w, https:\/\/lbam.pwr.edu.pl\/wp-content\/uploads\/2023\/11\/Zrzut-ekranu-2023-11-18-o-13.33.32.png 1062w\" sizes=\"(max-width: 1024px) 100vw, 1024px\" \/><\/a><\/figure>\n\n\n\n<p>Figure 1. Cryogenic transmission electron microscopy (cryo-TEM) images of our liposomes&nbsp;formed from phosphatidylcholines in the fluid phase (A.) and liposomes formed from DPPC in the gel phase (B.) (in press) (C) Liposomes formed from PC in high condensed gel technology encapsulating PVP-chlorine polymers (SEM).<\/p>\n","protected":false},"excerpt":{"rendered":"<p>OPUS -20 Narodowe Centrum Nauki Tytu\u0142 projektu: Dostarczanie immunologicznych-aktywator\u00f3w do kom\u00f3rek fagocytuj\u0105cych w celu uzyskania odpowiedzi przeciwnowotworowej. Konsorcjum: Warszawki Uniwersytet Medyczny, Politechnika Wroc\u0142awska Kierownik projektu PWr: dr hab. Magdalena Przyby\u0142o Okres realizacji: 2022 &#8211; 2026 Streszczenie: Nowotwory s\u0105 z\u0142o\u017conymi tworami sk\u0142adaj\u0105cymi si\u0119 z r\u00f3\u017cnych kom\u00f3rek. G\u0142\u00f3wna populacja kom\u00f3rkowa to ztransformowane kom\u00f3rki rakowe, ale pozosta\u0142e to&#8230;<\/p>\n<p><a href=\"https:\/\/lbam.pwr.edu.pl\/?page_id=1702\"><span class=\"glyphicon glyphicon-arrow-right\"><\/span>&nbsp;Continue reading<\/a><\/p>","protected":false},"author":1,"featured_media":0,"parent":0,"menu_order":0,"comment_status":"closed","ping_status":"closed","template":"","meta":{"footnotes":""},"_links":{"self":[{"href":"https:\/\/lbam.pwr.edu.pl\/index.php?rest_route=\/wp\/v2\/pages\/1702"}],"collection":[{"href":"https:\/\/lbam.pwr.edu.pl\/index.php?rest_route=\/wp\/v2\/pages"}],"about":[{"href":"https:\/\/lbam.pwr.edu.pl\/index.php?rest_route=\/wp\/v2\/types\/page"}],"author":[{"embeddable":true,"href":"https:\/\/lbam.pwr.edu.pl\/index.php?rest_route=\/wp\/v2\/users\/1"}],"replies":[{"embeddable":true,"href":"https:\/\/lbam.pwr.edu.pl\/index.php?rest_route=%2Fwp%2Fv2%2Fcomments&post=1702"}],"version-history":[{"count":4,"href":"https:\/\/lbam.pwr.edu.pl\/index.php?rest_route=\/wp\/v2\/pages\/1702\/revisions"}],"predecessor-version":[{"id":1708,"href":"https:\/\/lbam.pwr.edu.pl\/index.php?rest_route=\/wp\/v2\/pages\/1702\/revisions\/1708"}],"wp:attachment":[{"href":"https:\/\/lbam.pwr.edu.pl\/index.php?rest_route=%2Fwp%2Fv2%2Fmedia&parent=1702"}],"curies":[{"name":"wp","href":"https:\/\/api.w.org\/{rel}","templated":true}]}}