{"id":664,"date":"2016-10-07T20:41:28","date_gmt":"2016-10-07T18:41:28","guid":{"rendered":"http:\/\/lbam.pwr.edu.pl\/?page_id=664"},"modified":"2016-11-28T21:40:34","modified_gmt":"2016-11-28T20:40:34","slug":"bionanostruktury-wyklad","status":"publish","type":"page","link":"https:\/\/lbam.pwr.edu.pl\/?page_id=664","title":{"rendered":"BIONANOSTRUKTURY WYK\u0141AD &#8211; I sem II st"},"content":{"rendered":"<p style=\"text-align: left; font-size: 30px;\"><a href=\"http:\/\/lbam.pwr.edu.pl\/wp-content\/uploads\/2014\/09\/carbon.jpg\"><img loading=\"lazy\" decoding=\"async\" class=\"alignnone size-full wp-image-334\" src=\"http:\/\/lbam.pwr.edu.pl\/wp-content\/uploads\/2014\/09\/carbon.jpg\" alt=\"carbon\" width=\"750\" height=\"180\" srcset=\"https:\/\/lbam.pwr.edu.pl\/wp-content\/uploads\/2014\/09\/carbon.jpg 750w, https:\/\/lbam.pwr.edu.pl\/wp-content\/uploads\/2014\/09\/carbon-300x72.jpg 300w\" sizes=\"(max-width: 750px) 100vw, 750px\" \/><\/a><\/p>\n<p>&nbsp;<\/p>\n<hr \/>\n<p style=\"text-align: left; font-size: 30px;\"><span style=\"color: #ff0000;\"> WYK\u0141AD 2016\/2017 <\/span><\/p>\n<p style=\"text-align: left;\"><span style=\"color: #ff0000;\">prowadz\u0105cy:<\/span>\u00a0prof. Marek Langner <\/p>\n<p style=\"text-align: left;\"><span style=\"color: #ff0000;\">miejsce:<\/span> A1, sala 320<\/p>\n<p style=\"text-align: left;\"><span style=\"color: #ff0000;\">termin:<\/span> czwartek, godzina 10:15<\/p>\n<p>&nbsp;<\/p>\n<hr \/>\n<p class=\"p1\"><span style=\"color: #ff0000; font-size: 25px;\">LITERATURA<\/span><\/p>\n<p class=\"p1\"><span class=\"s1\"><span style=\"color: #ff0000;\">  <\/span> &#8220;PHYSICS OF THE CELL&#8221; <\/span> <a href=\"http:\/\/lbam.pwr.edu.pl\/wp-content\/uploads\/2016\/10\/nelson_free.pdf\" target=\"_blank\"> KSI\u0104\u017bKA DO POBRANIA <\/a><\/span><\/p>\n<p>&nbsp;<\/p>\n<hr \/>\n<p class=\"p1\"><span style=\"color: #ff0000; font-size: 25px;\">WYK\u0141ADY DO POBRANIA<\/span><\/p>\n<p class=\"p1\"><span class=\"s1\"><span style=\"color: #ff0000;\">01.<\/span> Wst\u0119p.<a href=\"http:\/\/lbam.pwr.edu.pl\/FILES\/Lecture_1_introduction.pdf\" target=\"_blank\"> WYK\u0141AD 1 <\/a><\/span><\/p>\n<p class=\"p1\"><span class=\"s1\"><span style=\"color: #ff0000;\">02.<\/span> Woda.<a href=\"http:\/\/lbam.pwr.edu.pl\/FILES\/Lecture_2_Water.pdf\" target=\"_blank\"> WYK\u0141AD 2 <\/a><\/span><\/p>\n<p class=\"p1\"><span class=\"s1\"><span style=\"color: #ff0000;\">03.<\/span> Bia\u0142ka.<a href=\"http:\/\/lbam.pwr.edu.pl\/FILES\/Lecture_3_proteins.pdf\" target=\"_blank\"> WYK\u0141AD 3 <\/a><\/span><\/p>\n<p class=\"p1\"><span class=\"s1\"><span style=\"color: #ff0000;\">04.<\/span> Dwuwarstwa lipidowa.<a href=\"http:\/\/lbam.pwr.edu.pl\/FILES\/Lecture_Bionanostructures_Lipid bilayer.pdf\" target=\"_blank\"> WYK\u0141AD 4 <\/a><\/span><\/p>\n<p class=\"p1\"><span class=\"s1\"><span style=\"color: #ff0000;\">05.<\/span> Przep\u0142yw osmotyczny.<a href=\"http:\/\/lbam.pwr.edu.pl\/FILES\/Bioanostructure_Osmotic flow.pdf\" target=\"_blank\"> WYK\u0141AD 5 <\/a><\/span><\/p>\n<p class=\"p1\"><span class=\"s1\"><span style=\"color: #ff0000;\">06.<\/span> Elektrostatyka.<a href=\"http:\/\/lbam.pwr.edu.pl\/FILES\/Bioanostructures_Electrostatics.pdf\" target=\"_blank\"> WYK\u0141AD 6 <\/a><\/span><\/p>\n<p class=\"p1\"><span class=\"s1\"><span style=\"color: #ff0000;\">07.<\/span> Sprz\u0119\u017cenie mechaniczno-chemiczne<a href=\"http:\/\/lbam.pwr.edu.pl\/FILES\/Bionanostructures_Mechano_chemical_coupling.pdf\" target=\"_blank\"> WYK\u0141AD 7 <\/a><\/span><\/p>\n<p class=\"p1\"><span class=\"s1\"><span style=\"color: #ff0000;\">08.<\/span> Architektura uk\u0142ad\u00f3w biologicznych<a href=\"http:\/\/lbam.pwr.edu.pl\/FILES\/Bionanostructures_Biological_architecture.pdf\" target=\"_blank\"> WYK\u0141AD 8 <\/a><\/span><\/p>\n<p class=\"p1\"><span class=\"s1\"><span style=\"color: #ff0000;\">09.<\/span> Zat\u0142oczenie molekularne &#8211; crowding<a href=\"http:\/\/lbam.pwr.edu.pl\/FILES\/Bionanostructures_Crowding.pdf\" target=\"_blank\"> WYK\u0141AD 9 <\/a><\/span><\/p>\n<p class=\"p1\"><span class=\"s1\"><span style=\"color: #ff0000;\">10.<\/span> Polimeryzacja<a href=\"http:\/\/lbam.pwr.edu.pl\/FILES\/Bionanostructures_Polymerization.pdf\" target=\"_blank\"> WYK\u0141AD 10 <\/a><\/span><\/p>\n<p class=\"p1\"><span class=\"s1\"><span style=\"color: #ff0000;\">11.<\/span> Fosforylacja oksydacyjna<a href=\"http:\/\/lbam.pwr.edu.pl\/FILES\/Bionanostructures_Oxydative_Phosphorylation.pdf\" target=\"_blank\"> WYK\u0141AD 11 <\/a><\/span><\/p>\n<p class=\"p1\"><span class=\"s1\"><span style=\"color: #ff0000;\">12.<\/span> Bia\u0142ka b\u0142onowe<a href=\"http:\/\/lbam.pwr.edu.pl\/FILES\/Bionanostructures_Membrane_protein.pdf\" target=\"_blank\"> WYK\u0141AD 12 <\/a><\/span><\/p>\n<p class=\"p1\"><span class=\"s1\"><span style=\"color: #ff0000;\">13.<\/span> Kana\u0142y jonowe<a href=\"http:\/\/lbam.pwr.edu.pl\/FILES\/Bionanostructures_Ion_channels.pdf\" target=\"_blank\"> WYK\u0141AD 13 <\/a><\/span><\/p>\n<p class=\"p1\"><span class=\"s1\"><span style=\"color: #ff0000;\">14.<\/span> Syntaza ATP<a href=\"http:\/\/lbam.pwr.edu.pl\/FILES\/Bionanostructures_F0F1ATPase.pdf\" target=\"_blank\"> WYK\u0141AD 14 <\/a><\/span><\/p>\n<hr \/>\n<p class=\"p1\"><span style=\"color: #ff0000; font-size: 25px;\">ZALICZENIE<\/span><\/p>\n<p class=\"p1\">Lista poj\u0119\u0107 wymaganych do zaliczenia przedmiotu bionanostruktury.<\/p>\n<p><a href=\"http:\/\/lbam.pwr.edu.pl\/FILES\/Bionanostruktury_pojecia_na_zaliczenie.pdf\" target=\"_blank\">Zagadnienia<\/a><\/p>\n","protected":false},"excerpt":{"rendered":"<p>&nbsp; WYK\u0141AD 2016\/2017 prowadz\u0105cy:\u00a0prof. Marek Langner miejsce: A1, sala 320 termin: czwartek, godzina 10:15 &nbsp; LITERATURA &#8220;PHYSICS OF THE CELL&#8221; KSI\u0104\u017bKA DO POBRANIA &nbsp; WYK\u0141ADY DO POBRANIA 01. Wst\u0119p. WYK\u0141AD 1 02. Woda. WYK\u0141AD 2 03. Bia\u0142ka. WYK\u0141AD 3 04. Dwuwarstwa lipidowa. WYK\u0141AD 4 05. Przep\u0142yw osmotyczny. WYK\u0141AD 5 06. Elektrostatyka. WYK\u0141AD 6 07. Sprz\u0119\u017cenie&#8230;<\/p>\n<p><a href=\"https:\/\/lbam.pwr.edu.pl\/?page_id=664\"><span class=\"glyphicon glyphicon-arrow-right\"><\/span>&nbsp;Continue reading<\/a><\/p>","protected":false},"author":1,"featured_media":0,"parent":5,"menu_order":0,"comment_status":"closed","ping_status":"closed","template":"","meta":{"footnotes":""},"_links":{"self":[{"href":"https:\/\/lbam.pwr.edu.pl\/index.php?rest_route=\/wp\/v2\/pages\/664"}],"collection":[{"href":"https:\/\/lbam.pwr.edu.pl\/index.php?rest_route=\/wp\/v2\/pages"}],"about":[{"href":"https:\/\/lbam.pwr.edu.pl\/index.php?rest_route=\/wp\/v2\/types\/page"}],"author":[{"embeddable":true,"href":"https:\/\/lbam.pwr.edu.pl\/index.php?rest_route=\/wp\/v2\/users\/1"}],"replies":[{"embeddable":true,"href":"https:\/\/lbam.pwr.edu.pl\/index.php?rest_route=%2Fwp%2Fv2%2Fcomments&post=664"}],"version-history":[{"count":24,"href":"https:\/\/lbam.pwr.edu.pl\/index.php?rest_route=\/wp\/v2\/pages\/664\/revisions"}],"predecessor-version":[{"id":824,"href":"https:\/\/lbam.pwr.edu.pl\/index.php?rest_route=\/wp\/v2\/pages\/664\/revisions\/824"}],"up":[{"embeddable":true,"href":"https:\/\/lbam.pwr.edu.pl\/index.php?rest_route=\/wp\/v2\/pages\/5"}],"wp:attachment":[{"href":"https:\/\/lbam.pwr.edu.pl\/index.php?rest_route=%2Fwp%2Fv2%2Fmedia&parent=664"}],"curies":[{"name":"wp","href":"https:\/\/api.w.org\/{rel}","templated":true}]}}