{"id":729,"date":"2016-11-11T15:55:56","date_gmt":"2016-11-11T14:55:56","guid":{"rendered":"http:\/\/lbam.pwr.edu.pl\/?page_id=729"},"modified":"2023-10-03T06:45:55","modified_gmt":"2023-10-03T04:45:55","slug":"prace-dyplomowe-w-lbam","status":"publish","type":"page","link":"https:\/\/lbam.pwr.edu.pl\/?page_id=729","title":{"rendered":"PRACE DYPLOMOWE W LBAM"},"content":{"rendered":"<p><a href=\"http:\/\/lbam.pwr.edu.pl\/wp-content\/uploads\/2016\/11\/103275176-e1478876883735.jpg\"><img loading=\"lazy\" decoding=\"async\" class=\"alignnone size-full wp-image-731\" src=\"http:\/\/lbam.pwr.edu.pl\/wp-content\/uploads\/2016\/11\/103275176-e1478876883735.jpg\" alt=\"diploma\" width=\"1000\" height=\"139\" \/><\/a><\/p>\n<p style=\"text-align: left; font-size: 20px;\"><span style=\"color: #ff0000;\">TEMATY PRAC IN\u017bYNIERSKICH &#8211; 2023\/2024<\/span><\/p>\n<p style=\"text-align: left; font-size: 15px;\"><span style=\"color: #00000;\">01. Charakterystyka zale\u017cno\u015bci w\u0142asno\u015bci reologicznych nano\u017celi lipidowych od rozk\u0142adu rozmiar\u00f3w liposom\u00f3w &#8211; wolny<\/span><\/p>\n<p style=\"text-align: left; font-size: 15px;\"><span style=\"color: #00000;\">02.\u00a0<\/span>Oznaczanie poziomu zamkni\u0119cia w liposomach kontrast\u00f3w do obrazowania w technice rezonansu magnetycznego &#8211; <span style=\"color: #00000;\"> wolny<\/span><\/p>\n<p style=\"text-align: left; font-size: 15px;\"><span style=\"color: #00000;\">03. Ocena poziomu zamkni\u0119cia RNA w \u00a0liposomach technikami fluorescencyjnymi. &#8211; wolny<\/span><\/p>\n<p style=\"text-align: left; font-size: 15px;\">04. Ocena stabilno\u015bci konstruktu RNA &#8211; liposom \u00a0&#8211; <span style=\"color: #00000;\"> wolny<\/span><\/p>\n<p><span style=\"color: #ff0000;\">TEMATY PRAC MAGISTERSKICH &#8211; 2023\/2024<\/span><\/p>\n<p>&#8212;&#8212;&#8212;&#8212;&#8212;&#8212;&#8212;&#8212;&#8212;&#8212;&#8212;&#8212;&#8212;&#8212;&#8212;&#8212;&#8212;&#8212;&#8212;&#8212;&#8212;&#8212;&#8212;&#8212;&#8212;&#8212;&#8212;&#8212;&#8212;&#8212;&#8212;&#8212;&#8212;-<\/p>\n<p style=\"text-align: left; font-size: 20px;\">\n","protected":false},"excerpt":{"rendered":"<p>TEMATY PRAC IN\u017bYNIERSKICH &#8211; 2023\/2024 01. Charakterystyka zale\u017cno\u015bci w\u0142asno\u015bci reologicznych nano\u017celi lipidowych od rozk\u0142adu rozmiar\u00f3w liposom\u00f3w &#8211; wolny 02.\u00a0Oznaczanie poziomu zamkni\u0119cia w liposomach kontrast\u00f3w do obrazowania w technice rezonansu magnetycznego &#8211; wolny 03. Ocena poziomu zamkni\u0119cia RNA w \u00a0liposomach technikami fluorescencyjnymi. &#8211; wolny 04. Ocena stabilno\u015bci konstruktu RNA &#8211; liposom \u00a0&#8211; wolny TEMATY PRAC MAGISTERSKICH&#8230;<\/p>\n<p><a href=\"https:\/\/lbam.pwr.edu.pl\/?page_id=729\"><span class=\"glyphicon glyphicon-arrow-right\"><\/span>&nbsp;Continue reading<\/a><\/p>","protected":false},"author":1,"featured_media":0,"parent":0,"menu_order":0,"comment_status":"closed","ping_status":"closed","template":"page-no-breadcrumbs.php","meta":{"footnotes":""},"_links":{"self":[{"href":"https:\/\/lbam.pwr.edu.pl\/index.php?rest_route=\/wp\/v2\/pages\/729"}],"collection":[{"href":"https:\/\/lbam.pwr.edu.pl\/index.php?rest_route=\/wp\/v2\/pages"}],"about":[{"href":"https:\/\/lbam.pwr.edu.pl\/index.php?rest_route=\/wp\/v2\/types\/page"}],"author":[{"embeddable":true,"href":"https:\/\/lbam.pwr.edu.pl\/index.php?rest_route=\/wp\/v2\/users\/1"}],"replies":[{"embeddable":true,"href":"https:\/\/lbam.pwr.edu.pl\/index.php?rest_route=%2Fwp%2Fv2%2Fcomments&post=729"}],"version-history":[{"count":37,"href":"https:\/\/lbam.pwr.edu.pl\/index.php?rest_route=\/wp\/v2\/pages\/729\/revisions"}],"predecessor-version":[{"id":1632,"href":"https:\/\/lbam.pwr.edu.pl\/index.php?rest_route=\/wp\/v2\/pages\/729\/revisions\/1632"}],"wp:attachment":[{"href":"https:\/\/lbam.pwr.edu.pl\/index.php?rest_route=%2Fwp%2Fv2%2Fmedia&parent=729"}],"curies":[{"name":"wp","href":"https:\/\/api.w.org\/{rel}","templated":true}]}}