{"id":778,"date":"2016-11-23T14:41:35","date_gmt":"2016-11-23T13:41:35","guid":{"rendered":"http:\/\/lbam.pwr.edu.pl\/?page_id=778"},"modified":"2025-11-06T13:55:29","modified_gmt":"2025-11-06T12:55:29","slug":"kolo-naukowe","status":"publish","type":"page","link":"https:\/\/lbam.pwr.edu.pl\/?page_id=778","title":{"rendered":"INFORMACJE O KN MICELA"},"content":{"rendered":"<p><a href=\"http:\/\/lbam.pwr.edu.pl\/wp-content\/uploads\/2016\/11\/Micela_loga_LSBE_ok.png\"><img loading=\"lazy\" decoding=\"async\" class=\"alignnone size-large wp-image-1287\" src=\"http:\/\/lbam.pwr.edu.pl\/wp-content\/uploads\/2016\/11\/Micela_loga_LSBE_ok-1024x724.png\" alt=\"Micela_loga_LSBE_ok\" width=\"750\" height=\"530\" srcset=\"https:\/\/lbam.pwr.edu.pl\/wp-content\/uploads\/2016\/11\/Micela_loga_LSBE_ok-1024x724.png 1024w, https:\/\/lbam.pwr.edu.pl\/wp-content\/uploads\/2016\/11\/Micela_loga_LSBE_ok-300x212.png 300w\" sizes=\"(max-width: 750px) 100vw, 750px\" \/><\/a><\/p>\n<hr \/>\n<p style=\"text-align: left; font-size: 30px;\"><span style=\"color: #ff0000;\"> Kr\u00f3tka charakterystyka<\/span><\/p>\n<p style=\"text-align: left;\"><span style=\"color: #ff0000;\"> Opiekunowie:<\/span>\u00a0prof. dr hab. in\u017c. Marek Langner , dr in\u017c. Magda Przyby\u0142o<\/p>\n<p style=\"text-align: left;\"><span style=\"color: #ff0000;\"> Miejsce:<\/span> D1, sala 014 \/ 8A, laboratorium 02<\/p>\n<p style=\"text-align: left;\"><span style=\"color: #ff0000;\">Zarz\u0105d:<\/span><\/p>\n<table style=\"width: 533px; border-collapse: collapse;\">\n<tbody>\n<tr style=\"border-bottom: 1px solid #ccc;\">\n<td style=\"text-align: center; padding: 6px;\">PRZEWODNICZ\u0104CY<\/td>\n<td style=\"text-align: center; padding: 6px;\">Maxime Kucharski<\/td>\n<\/tr>\n<tr style=\"border-bottom: 1px solid #ccc;\">\n<td style=\"text-align: center; padding: 6px;\">ZAST\u0118PCA PRZEWODNICZ\u0104CEGO<\/td>\n<td style=\"text-align: center; padding: 6px;\">Filip Pi\u0105tek<\/td>\n<\/tr>\n<tr style=\"border-bottom: 1px solid #ccc;\">\n<td style=\"text-align: center; padding: 6px;\">SKARBNIK<\/td>\n<td style=\"text-align: center; padding: 6px;\">Mateusz Maruszak<\/td>\n<\/tr>\n<tr style=\"border-bottom: 1px solid #ccc;\">\n<td style=\"text-align: center; padding: 6px;\">MENAD\u017bER SOCIAL MEDI\u00d3W<\/td>\n<td style=\"text-align: center; padding: 6px;\">Anna Chlebica<\/td>\n<\/tr>\n<tr style=\"border-bottom: 1px solid #ccc;\">\n<td style=\"text-align: center; padding: 6px;\">ZAST\u0118PCA MENAD\u017bERA SOCIAL MEDI\u00d3W<\/td>\n<td style=\"text-align: center; padding: 6px;\">Marta Lachman<\/td>\n<\/tr>\n<tr>\n<td style=\"text-align: center; padding: 6px;\">SEKRETARZ<\/td>\n<td style=\"text-align: center; padding: 6px;\">Dominika Kaczmarek<\/td>\n<\/tr>\n<\/tbody>\n<\/table>\n<p><span style=\"color: #ff0000;\">Kontakt:\u00a0<\/span><\/p>\n<table style=\"height: 52px;\" width=\"238\">\n<tbody>\n<tr>\n<td style=\"text-align: center;\" width=\"176\">E-mail:<\/td>\n<td style=\"text-align: center;\" width=\"179\"><a href=\"mailto:knmicela.ib@gmail.com\">knmicela.ib@gmail.com<\/a><\/td>\n<\/tr>\n<tr>\n<td style=\"text-align: center;\">Facebook:<\/td>\n<td style=\"text-align: center;\"><a href=\"https:\/\/www.facebook.com\/share\/1DQN7V9bJd\/\" target=\"_blank\" rel=\"noopener\">KN Micela<\/a><\/td>\n<\/tr>\n<\/tbody>\n<\/table>\n<p><a href=\"http:\/\/lbam.pwr.edu.pl\/wp-content\/uploads\/2016\/11\/qr-code2.png\"><img loading=\"lazy\" decoding=\"async\" class=\"alignnone wp-image-1284 size-medium\" src=\"http:\/\/lbam.pwr.edu.pl\/wp-content\/uploads\/2016\/11\/qr-code2-300x214.png\" alt=\"qr-code2\" width=\"300\" height=\"214\" srcset=\"https:\/\/lbam.pwr.edu.pl\/wp-content\/uploads\/2016\/11\/qr-code2-300x214.png 300w, https:\/\/lbam.pwr.edu.pl\/wp-content\/uploads\/2016\/11\/qr-code2-1024x733.png 1024w\" sizes=\"(max-width: 300px) 100vw, 300px\" \/><\/a><\/p>\n<hr \/>\n<p><strong><span style=\"color: #ff0000;\">OPIS:<\/span><\/strong><\/p>\n<p style=\"text-align: justify;\">Ko\u0142o Naukowe Micela jest pr\u0119\u017cnie dzia\u0142aj\u0105cym mi\u0119dzywydzia\u0142owym ko\u0142em naukowym, kt\u00f3rego cz\u0142onkowie rozwijaj\u0105 swoje zainteresowania wykonuj\u0105c projekty badawcze w zakresie biofizyki b\u0142on lipidowych, detekcji jon\u00f3w metali w materia\u0142ach biologicznych, oraz proces\u00f3w technologicznych dotycz\u0105cych kierowanych no\u015bnik\u00f3w lek\u00f3w. Dzia\u0142alno\u015b\u0107 w Kole Naukowym Micela pozwala wykorzysta\u0107 i poszerzy\u0107 umiej\u0119tno\u015bci nabyte podczas studi\u00f3w, a otrzymane wyniki projekt\u00f3w badawczych prezentowane s\u0105 na konferencjach naukowych. Studenci w oparciu o czytan\u0105 literatur\u0119 naukow\u0105 mog\u0105 r\u00f3wnie\u017c proponowa\u0107 i rozwija\u0107 swoje w\u0142asne tematy badawcze.<\/p>\n<p>&nbsp;<\/p>\n<p style=\"text-align: justify;\"><strong><span style=\"color: #ff0000;\">HISTORIA:<\/span><\/strong><\/p>\n<p>Sprawozdanie i historia Ko\u0142a Naukowego Micela:\u00a0<a href=\"http:\/\/lbam.pwr.edu.pl\/wp-content\/uploads\/2017\/01\/MICELA-2003_2016.pdf\" target=\"_blank\" rel=\"noopener\">POBIERZ<\/a><\/p>\n<p>&nbsp;<\/p>\n<p><strong><span style=\"color: #ff0000;\">AKTUALNE PROJEKTY:<\/span><\/strong><\/p>\n<p>1. <a title=\"Asystent Pacjenta \u2013 praktyki\" href=\"http:\/\/lbam.pwr.edu.pl\/?page_id=1017\">Asystent Pacjenta<\/a><\/p>\n<p>2. Asystent Lekarza<\/p>\n<p>&nbsp;<\/p>\n<p class=\"p1\" style=\"text-align: justify;\">Prezentacja zawieraj\u0105ca kr\u00f3tkie opisy projekt\u00f3w, jakie przewidziane s\u0105 do realizacji przez student\u00f3w w ramach Ko\u0142a Naukowego Micela: <a href=\"http:\/\/lbam.pwr.edu.pl\/wp-content\/uploads\/2017\/04\/MICELA_06042017.ppt\" target=\"_blank\" rel=\"noopener\">POBIERZ<\/a>\u00a0(aktualizacja: kwiecie\u0144 2017)<\/p>\n<p class=\"p1\" style=\"text-align: justify;\">Spotkania dotycz\u0105ce realizacji projekt\u00f3w mog\u0105 odbywa\u0107 si\u0119 r\u00f3wnie\u017c w O\u015brodku Badawczo-Rozwojowym Wojew\u00f3dzkiego Szpitala Specjalistycznego we Wroc\u0142awiu ul Kamie\u0144skiego 73A.<\/p>\n<p>&nbsp;<\/p>\n<p><strong><span style=\"color: #ff0000;\">WSP\u00d3\u0141PRACA:<\/span><\/strong><\/p>\n<p><a href=\"http:\/\/web.lipid-systems.pl\" target=\"_blank\" rel=\"noopener\">Lipid Systems<\/a><\/p>\n<p><a href=\"http:\/\/bioengineering.pl\" target=\"_blank\" rel=\"noopener\">BioEngineering<\/a><\/p>\n<p><a href=\"http:\/\/wssk.wroc.pl\" target=\"_blank\" rel=\"noopener\">Wojew\u00f3dzki Szpital Specjalistyczny we Wroc\u0142awiu<\/a><\/p>\n<p><a href=\"http:\/\/www.wssobr-wroc.pl\" target=\"_blank\" rel=\"noopener\">O\u015brodek Badawczo-Rozwojowy we Wroc\u0142awiu<\/a><\/p>\n<p><a href=\"http:\/\/bean.pwr.edu.pl\" target=\"_blank\" rel=\"noopener\">KN Bean<\/a><\/p>\n<hr \/>\n<p>&nbsp;<\/p>\n<p class=\"p1\"><strong><span style=\"color: #ff0000;\">WYDARZENIA:<\/span><\/strong><\/p>\n<ul>\n<li><span style=\"text-decoration: underline;\"><strong>POSIEDZENIE NAUKOWE TOWARZYSTWA CHIRURG\u00d3W<\/strong><\/span><\/li>\n<\/ul>\n<p style=\"text-align: justify;\">Prof. Witkiewicz zaprasza wszystkich zainteresowanych na najbli\u017csze posiedzenie naukowe Towarzystwa Chirurg\u00f3w. Szczeg\u00f3lnie zach\u0119camy do udzia\u0142u w wideo-operacjach technik\u0105 robotow\u0105. Posiedzenie odb\u0119dzie si\u0119 16 pa\u017adziernika 2018. Informacje poni\u017cej.<\/p>\n<p><img loading=\"lazy\" decoding=\"async\" class=\"aligncenter size-full wp-image-1349\" src=\"http:\/\/lbam.pwr.edu.pl\/wp-content\/uploads\/2018\/10\/43879311_476749722809706_5444378120108900352_n.jpg\" alt=\"\" width=\"721\" height=\"960\" srcset=\"https:\/\/lbam.pwr.edu.pl\/wp-content\/uploads\/2018\/10\/43879311_476749722809706_5444378120108900352_n.jpg 721w, https:\/\/lbam.pwr.edu.pl\/wp-content\/uploads\/2018\/10\/43879311_476749722809706_5444378120108900352_n-225x300.jpg 225w\" sizes=\"(max-width: 721px) 100vw, 721px\" \/><\/p>\n<ul>\n<li><span style=\"text-decoration: underline;\"><strong>MICELA NA &#8220;AKADEMICKICH TARGACH PRACY&#8221;!<\/strong><\/span><\/li>\n<\/ul>\n<p style=\"text-align: justify;\">6. czerwca 2018 r. dzi\u0119ki uprzejmo\u015bci organizator\u00f3w zostali\u015bmy zaproszeni na &#8220;Akademickie Targi Pracy&#8221; &#8211; jako jedyne ko\u0142o naukowe dostali\u015bmy stanowisko! By\u0142a to wspania\u0142a okazja, by reklamowa\u0107 nasz\u0105 organizacj\u0119 i jednocze\u015bnie promowa\u0107 zdrowie poprzez darmowe pomiary wsp\u00f3\u0142czynnika ABI :)<\/p>\n<p><img loading=\"lazy\" decoding=\"async\" class=\"aligncenter size-full wp-image-1345\" src=\"http:\/\/lbam.pwr.edu.pl\/wp-content\/uploads\/2018\/10\/I27A0413.jpg\" alt=\"\" width=\"3000\" height=\"2000\" srcset=\"https:\/\/lbam.pwr.edu.pl\/wp-content\/uploads\/2018\/10\/I27A0413.jpg 3000w, https:\/\/lbam.pwr.edu.pl\/wp-content\/uploads\/2018\/10\/I27A0413-300x200.jpg 300w, https:\/\/lbam.pwr.edu.pl\/wp-content\/uploads\/2018\/10\/I27A0413-768x512.jpg 768w, https:\/\/lbam.pwr.edu.pl\/wp-content\/uploads\/2018\/10\/I27A0413-1024x683.jpg 1024w\" sizes=\"(max-width: 3000px) 100vw, 3000px\" \/> <img loading=\"lazy\" decoding=\"async\" class=\"aligncenter size-full wp-image-1346\" src=\"http:\/\/lbam.pwr.edu.pl\/wp-content\/uploads\/2018\/10\/I27A0293.jpg\" alt=\"\" width=\"3000\" height=\"2000\" srcset=\"https:\/\/lbam.pwr.edu.pl\/wp-content\/uploads\/2018\/10\/I27A0293.jpg 3000w, https:\/\/lbam.pwr.edu.pl\/wp-content\/uploads\/2018\/10\/I27A0293-300x200.jpg 300w, https:\/\/lbam.pwr.edu.pl\/wp-content\/uploads\/2018\/10\/I27A0293-768x512.jpg 768w, https:\/\/lbam.pwr.edu.pl\/wp-content\/uploads\/2018\/10\/I27A0293-1024x683.jpg 1024w\" sizes=\"(max-width: 3000px) 100vw, 3000px\" \/> <img loading=\"lazy\" decoding=\"async\" class=\"aligncenter size-full wp-image-1347\" src=\"http:\/\/lbam.pwr.edu.pl\/wp-content\/uploads\/2018\/10\/I27A0284.jpg\" alt=\"\" width=\"3000\" height=\"2000\" srcset=\"https:\/\/lbam.pwr.edu.pl\/wp-content\/uploads\/2018\/10\/I27A0284.jpg 3000w, https:\/\/lbam.pwr.edu.pl\/wp-content\/uploads\/2018\/10\/I27A0284-300x200.jpg 300w, https:\/\/lbam.pwr.edu.pl\/wp-content\/uploads\/2018\/10\/I27A0284-768x512.jpg 768w, https:\/\/lbam.pwr.edu.pl\/wp-content\/uploads\/2018\/10\/I27A0284-1024x683.jpg 1024w\" sizes=\"(max-width: 3000px) 100vw, 3000px\" \/> <img loading=\"lazy\" decoding=\"async\" class=\"aligncenter size-full wp-image-1348\" src=\"http:\/\/lbam.pwr.edu.pl\/wp-content\/uploads\/2018\/10\/I27A0288.jpg\" alt=\"\" width=\"3000\" height=\"2000\" srcset=\"https:\/\/lbam.pwr.edu.pl\/wp-content\/uploads\/2018\/10\/I27A0288.jpg 3000w, https:\/\/lbam.pwr.edu.pl\/wp-content\/uploads\/2018\/10\/I27A0288-300x200.jpg 300w, https:\/\/lbam.pwr.edu.pl\/wp-content\/uploads\/2018\/10\/I27A0288-768x512.jpg 768w, https:\/\/lbam.pwr.edu.pl\/wp-content\/uploads\/2018\/10\/I27A0288-1024x683.jpg 1024w\" sizes=\"(max-width: 3000px) 100vw, 3000px\" \/><\/p>\n<p>&nbsp;<\/p>\n<ul>\n<li class=\"p1\"><span style=\"text-decoration: underline;\"><strong>KN MICELA NA &#8220;TYGODNIU ZDROWIA NA PWR&#8221;:<\/strong><\/span><\/li>\n<\/ul>\n<p style=\"text-align: justify;\">23. kwietnia 2018 r. nasze ko\u0142o bra\u0142o udzia\u0142 w &#8220;Tygodniu Zdrowia na PWr&#8221;. Na stanowisku Miceli uczestnicy wydarzenia mogli\u00a0zobaczy\u0107 prac\u0119 swoich mi\u0119\u015bni przy u\u017cyciu aparatury do bada\u0144 elektromiograficznych oraz sprawdzi\u0107 stan swoich t\u0119tnic w ramach pomiaru wsp\u00f3\u0142czynnika ABI (kostka-rami\u0119).<\/p>\n<p><a href=\"http:\/\/lbam.pwr.edu.pl\/wp-content\/uploads\/2016\/11\/31179567_966492390193614_3535200732527460352_o.jpg\"><img loading=\"lazy\" decoding=\"async\" class=\"aligncenter size-full wp-image-1315\" src=\"http:\/\/lbam.pwr.edu.pl\/wp-content\/uploads\/2016\/11\/31179567_966492390193614_3535200732527460352_o.jpg\" alt=\"31179567_966492390193614_3535200732527460352_o\" width=\"2916\" height=\"1437\" srcset=\"https:\/\/lbam.pwr.edu.pl\/wp-content\/uploads\/2016\/11\/31179567_966492390193614_3535200732527460352_o.jpg 2916w, https:\/\/lbam.pwr.edu.pl\/wp-content\/uploads\/2016\/11\/31179567_966492390193614_3535200732527460352_o-300x147.jpg 300w, https:\/\/lbam.pwr.edu.pl\/wp-content\/uploads\/2016\/11\/31179567_966492390193614_3535200732527460352_o-1024x504.jpg 1024w\" sizes=\"(max-width: 2916px) 100vw, 2916px\" \/><\/a><\/p>\n<p><a href=\"http:\/\/lbam.pwr.edu.pl\/wp-content\/uploads\/2016\/11\/31150313_966493380193515_8491279270520291328_o.jpg\"><img loading=\"lazy\" decoding=\"async\" class=\"aligncenter size-full wp-image-1316\" src=\"http:\/\/lbam.pwr.edu.pl\/wp-content\/uploads\/2016\/11\/31150313_966493380193515_8491279270520291328_o.jpg\" alt=\"31150313_966493380193515_8491279270520291328_o\" width=\"2916\" height=\"1437\" srcset=\"https:\/\/lbam.pwr.edu.pl\/wp-content\/uploads\/2016\/11\/31150313_966493380193515_8491279270520291328_o.jpg 2916w, https:\/\/lbam.pwr.edu.pl\/wp-content\/uploads\/2016\/11\/31150313_966493380193515_8491279270520291328_o-300x147.jpg 300w, https:\/\/lbam.pwr.edu.pl\/wp-content\/uploads\/2016\/11\/31150313_966493380193515_8491279270520291328_o-1024x504.jpg 1024w\" sizes=\"(max-width: 2916px) 100vw, 2916px\" \/><\/a> <a href=\"http:\/\/lbam.pwr.edu.pl\/wp-content\/uploads\/2016\/11\/31229287_966493206860199_7522432904509521920_o.jpg\"><img loading=\"lazy\" decoding=\"async\" class=\"aligncenter size-full wp-image-1317\" src=\"http:\/\/lbam.pwr.edu.pl\/wp-content\/uploads\/2016\/11\/31229287_966493206860199_7522432904509521920_o.jpg\" alt=\"31229287_966493206860199_7522432904509521920_o\" width=\"2916\" height=\"1437\" srcset=\"https:\/\/lbam.pwr.edu.pl\/wp-content\/uploads\/2016\/11\/31229287_966493206860199_7522432904509521920_o.jpg 2916w, https:\/\/lbam.pwr.edu.pl\/wp-content\/uploads\/2016\/11\/31229287_966493206860199_7522432904509521920_o-300x147.jpg 300w, https:\/\/lbam.pwr.edu.pl\/wp-content\/uploads\/2016\/11\/31229287_966493206860199_7522432904509521920_o-1024x504.jpg 1024w\" sizes=\"(max-width: 2916px) 100vw, 2916px\" \/><\/a> <a href=\"http:\/\/lbam.pwr.edu.pl\/wp-content\/uploads\/2016\/11\/31124475_966492920193561_5440362853968117760_o.jpg\"><img loading=\"lazy\" decoding=\"async\" class=\"aligncenter size-full wp-image-1318\" src=\"http:\/\/lbam.pwr.edu.pl\/wp-content\/uploads\/2016\/11\/31124475_966492920193561_5440362853968117760_o.jpg\" alt=\"31124475_966492920193561_5440362853968117760_o\" width=\"2916\" height=\"1437\" srcset=\"https:\/\/lbam.pwr.edu.pl\/wp-content\/uploads\/2016\/11\/31124475_966492920193561_5440362853968117760_o.jpg 2916w, https:\/\/lbam.pwr.edu.pl\/wp-content\/uploads\/2016\/11\/31124475_966492920193561_5440362853968117760_o-300x147.jpg 300w, https:\/\/lbam.pwr.edu.pl\/wp-content\/uploads\/2016\/11\/31124475_966492920193561_5440362853968117760_o-1024x504.jpg 1024w\" sizes=\"(max-width: 2916px) 100vw, 2916px\" \/><\/a> <a href=\"http:\/\/lbam.pwr.edu.pl\/wp-content\/uploads\/2016\/11\/31131697_966492816860238_5755692429353156608_o.jpg\"><img loading=\"lazy\" decoding=\"async\" class=\"aligncenter size-full wp-image-1319\" src=\"http:\/\/lbam.pwr.edu.pl\/wp-content\/uploads\/2016\/11\/31131697_966492816860238_5755692429353156608_o.jpg\" alt=\"31131697_966492816860238_5755692429353156608_o\" width=\"2916\" height=\"1437\" srcset=\"https:\/\/lbam.pwr.edu.pl\/wp-content\/uploads\/2016\/11\/31131697_966492816860238_5755692429353156608_o.jpg 2916w, https:\/\/lbam.pwr.edu.pl\/wp-content\/uploads\/2016\/11\/31131697_966492816860238_5755692429353156608_o-300x147.jpg 300w, https:\/\/lbam.pwr.edu.pl\/wp-content\/uploads\/2016\/11\/31131697_966492816860238_5755692429353156608_o-1024x504.jpg 1024w\" sizes=\"(max-width: 2916px) 100vw, 2916px\" \/><\/a><\/p>\n<p>&nbsp;<\/p>\n<p>&nbsp;<\/p>\n<ul>\n<li class=\"p1\"><span style=\"text-decoration: underline;\"><strong>AKCJA\u00a0 &#8220;\u017bYCIE T\u0118TNI OTWARTYMI NACZYNIAMI&#8221; :<\/strong><\/span><\/li>\n<\/ul>\n<p style=\"text-align: justify;\">W najbli\u017csz\u0105 sobot\u0119 14.04.2018 r. mi\u0119dzy 9:00 a 17:00 przy Wojew\u00f3dzkim Szpitalu Specjalistycznym we Wroc\u0142awiu odb\u0119dzie si\u0119 akcja Grupy Adamed oraz Polskiego Towarzystwa Chirurgii Naczyniowej .<\/p>\n<p style=\"text-align: justify;\">W wydarzenie aktywnie w\u0142\u0105czy si\u0119 nasze ko\u0142o. Jego zaanga\u017cowani cz\u0142onkowie oraz uczestnicy projektu Asystent Pacjenta b\u0119d\u0105 przeprowadza\u0107 badania w Wojew\u00f3dzkim Szpitalu Specjalistycznym we Wroc\u0142awiu. Badania b\u0119d\u0105 polega\u0142y na wyznaczeniu wsp\u00f3\u0142czynnika kostka &#8211; rami\u0119 oraz BMI.<\/p>\n<p>Informacje o wsp\u00f3\u0142czynniku kostka &#8211; rami\u0119:\u00a0[<a href=\"http:\/\/www.czytelniamedyczna.pl\/5927,wskaznik-kostkaramie-abi-jako-podstawowe-narzedzie-w-ocenie-tetnic-obwodowych-or.html\" target=\"_blank\" rel=\"noopener\">LINK<\/a>]<\/p>\n<p><a href=\"http:\/\/lbam.pwr.edu.pl\/wp-content\/uploads\/2016\/11\/30226176_2014297222224004_7327282286502608896_n.jpg\"><img loading=\"lazy\" decoding=\"async\" class=\"aligncenter size-full wp-image-1300\" src=\"http:\/\/lbam.pwr.edu.pl\/wp-content\/uploads\/2016\/11\/30226176_2014297222224004_7327282286502608896_n.jpg\" alt=\"plakat akcji\" width=\"664\" height=\"960\" srcset=\"https:\/\/lbam.pwr.edu.pl\/wp-content\/uploads\/2016\/11\/30226176_2014297222224004_7327282286502608896_n.jpg 664w, https:\/\/lbam.pwr.edu.pl\/wp-content\/uploads\/2016\/11\/30226176_2014297222224004_7327282286502608896_n-207x300.jpg 207w\" sizes=\"(max-width: 664px) 100vw, 664px\" \/><\/a><\/p>\n<ul>\n<li class=\"p1\"><span style=\"text-decoration: underline;\"><span style=\"color: #000000;\"><strong>PIERWSZE SPOTKANIE K\u00d3\u0141 NAUKOWYCH W WOJEW\u00d3DZKIM SZPITALU SPECJALISTYCZNYM 06\/06\/2017 GODZ. 20:00 :<\/strong><\/span><\/span><\/li>\n<\/ul>\n<p class=\"p1\" style=\"text-align: justify;\">W dniu wczorajszym, w Wojew\u00f3dzkim Szpitalu Specjalistycznym O\u015brodku Badawczo-Rozwojowym odby\u0142o si\u0119 pierwsze wsp\u00f3lne spotkanie Ko\u0142a Naukowego In\u017cynierii Biomedycznej z Politechniki Wroc\u0142awskiej oraz Ko\u0142a Naukowego Chirurg\u00f3w, kt\u00f3rego opiekunem jest prof. Wojciech Witkiewicz oraz dr Stanis\u0142aw Ferenc Przedstawiciele grup projektowych &#8220;Miceli&#8221; pokazali bardzo profesjonalne prezentacje dotycz\u0105ce projekt\u00f3w. Mimo, \u017ce s\u0105 one w pocz\u0105tkowej fazie rozwoju, to potencja\u0142 w prezentacjach by\u0142 ogromny. Gratulacje te\u017c od prof. Langnera. Oby tak dalej! :)<\/p>\n<p class=\"p1\"><a href=\"http:\/\/lbam.pwr.edu.pl\/wp-content\/uploads\/2016\/11\/IMG_0379.jpg\"><img loading=\"lazy\" decoding=\"async\" class=\"alignnone size-full wp-image-1094\" src=\"http:\/\/lbam.pwr.edu.pl\/wp-content\/uploads\/2016\/11\/IMG_0379.jpg\" alt=\"IMG_0379\" width=\"4526\" height=\"1953\" srcset=\"https:\/\/lbam.pwr.edu.pl\/wp-content\/uploads\/2016\/11\/IMG_0379.jpg 4526w, https:\/\/lbam.pwr.edu.pl\/wp-content\/uploads\/2016\/11\/IMG_0379-300x129.jpg 300w, https:\/\/lbam.pwr.edu.pl\/wp-content\/uploads\/2016\/11\/IMG_0379-1024x441.jpg 1024w\" sizes=\"(max-width: 4526px) 100vw, 4526px\" \/><\/a> <a href=\"http:\/\/lbam.pwr.edu.pl\/wp-content\/uploads\/2016\/11\/IMG_0384.jpg\"><img loading=\"lazy\" decoding=\"async\" class=\"alignnone size-full wp-image-1095\" src=\"http:\/\/lbam.pwr.edu.pl\/wp-content\/uploads\/2016\/11\/IMG_0384.jpg\" alt=\"IMG_0384\" width=\"2016\" height=\"1512\" srcset=\"https:\/\/lbam.pwr.edu.pl\/wp-content\/uploads\/2016\/11\/IMG_0384.jpg 2016w, https:\/\/lbam.pwr.edu.pl\/wp-content\/uploads\/2016\/11\/IMG_0384-300x225.jpg 300w, https:\/\/lbam.pwr.edu.pl\/wp-content\/uploads\/2016\/11\/IMG_0384-1024x768.jpg 1024w\" sizes=\"(max-width: 2016px) 100vw, 2016px\" \/><\/a><\/p>\n<p>&nbsp;<\/p>\n<ul>\n<li><span style=\"text-decoration: underline;\"><span style=\"color: #000000;\"><strong>KONKURS &#8220;ENGINEERING BATTLE&#8221;<\/strong><\/span><\/span><\/li>\n<\/ul>\n<p style=\"text-align: justify;\"><span style=\"color: #ff0000;\"><span style=\"color: #333333;\">Organizowany przez firmy BioEngineering i Food Robotics z Wroc\u0142awia, zg\u0142aszaj\u0105ca si\u0119 dru\u017cyna wybiera tematyk\u0119 realizowanego projektu spo\u015br\u00f3d dw\u00f3ch, kt\u00f3re przygotowali organizatorzy. Nast\u0119pnie nale\u017cy wysun\u0105\u0107 swoj\u0105 propozycj\u0119 na techniczne rozwi\u0105zanie w ramach wybranego tematu i przyst\u0105pi\u0107 do jego realizacji. Zg\u0142oszenia przyjmujemy do 21.04 na adres kn.micela@mail.com, formularz zg\u0142oszeniowy mo\u017cna pobra\u0107 ze strony: https:\/\/tinyurl.com\/EB-formularz . Szczeg\u00f3\u0142owe zasady konkursu dost\u0119pne s\u0105 pod adresem: http:\/\/bioengineering.pl\/konkurs\/<\/span><\/span><\/p>\n<p style=\"text-align: justify;\">Zwyci\u0119ska dru\u017cyna otrzyma 1000z\u0142, statuetki pami\u0105tkowe M\u0142ody Mistrz In\u017cynierii oraz p\u0142atny sta\u017c w firmie BioEngineering lub Food Robotics<\/p>\n<p style=\"text-align: justify;\">Aktualno\u015bci o konkursie b\u0119d\u0105 pojawia\u0107 si\u0119 na fanpage&#8217;u KN Micela: https:\/\/tinyurl.com\/micelafb<\/p>\n<p><img loading=\"lazy\" decoding=\"async\" class=\"aligncenter\" src=\"http:\/\/bioengineering.pl\/wp-content\/uploads\/2017\/04\/konkurs.png\" alt=\"\" width=\"761\" height=\"1077\" \/><\/p>\n<p style=\"text-align: right;\">\u017ar\u00f3d\u0142o: http:\/\/bioengineering.pl\/konkurs\/<\/p>\n<hr \/>\n<p style=\"text-align: left; font-size: 30px;\"><span style=\"color: #ff0000;\"> Short characteristic <\/span><\/p>\n<p style=\"text-align: justify;\">Biomedical Engineering Student&#8217;s Society &#8220;Micela&#8221; is an interdepartmental society of energetic students whose passions and interests are continuously developing. Scientific projects carrying out in our group include issues related to the biophysics of lipid bilayer, technological processes associated with the targeted drug delivery systems and detection of the metal ions impurities in the biological samples. Every student in the Society has the opportunity to use and expand their knowledge and abilities, and the results obtained in the projects are often presented at the scientific conferences.<\/p>\n","protected":false},"excerpt":{"rendered":"<p>Kr\u00f3tka charakterystyka Opiekunowie:\u00a0prof. dr hab. in\u017c. Marek Langner , dr in\u017c. Magda Przyby\u0142o Miejsce: D1, sala 014 \/ 8A, laboratorium 02 Zarz\u0105d: PRZEWODNICZ\u0104CY Maxime Kucharski ZAST\u0118PCA PRZEWODNICZ\u0104CEGO Filip Pi\u0105tek SKARBNIK Mateusz Maruszak MENAD\u017bER SOCIAL MEDI\u00d3W Anna Chlebica ZAST\u0118PCA MENAD\u017bERA SOCIAL MEDI\u00d3W Marta Lachman SEKRETARZ Dominika Kaczmarek Kontakt:\u00a0 E-mail: knmicela.ib@gmail.com Facebook: KN Micela OPIS: Ko\u0142o Naukowe&#8230;<\/p>\n<p><a href=\"https:\/\/lbam.pwr.edu.pl\/?page_id=778\"><span class=\"glyphicon glyphicon-arrow-right\"><\/span>&nbsp;Continue reading<\/a><\/p>","protected":false},"author":1,"featured_media":0,"parent":0,"menu_order":0,"comment_status":"closed","ping_status":"closed","template":"","meta":{"footnotes":""},"_links":{"self":[{"href":"https:\/\/lbam.pwr.edu.pl\/index.php?rest_route=\/wp\/v2\/pages\/778"}],"collection":[{"href":"https:\/\/lbam.pwr.edu.pl\/index.php?rest_route=\/wp\/v2\/pages"}],"about":[{"href":"https:\/\/lbam.pwr.edu.pl\/index.php?rest_route=\/wp\/v2\/types\/page"}],"author":[{"embeddable":true,"href":"https:\/\/lbam.pwr.edu.pl\/index.php?rest_route=\/wp\/v2\/users\/1"}],"replies":[{"embeddable":true,"href":"https:\/\/lbam.pwr.edu.pl\/index.php?rest_route=%2Fwp%2Fv2%2Fcomments&post=778"}],"version-history":[{"count":53,"href":"https:\/\/lbam.pwr.edu.pl\/index.php?rest_route=\/wp\/v2\/pages\/778\/revisions"}],"predecessor-version":[{"id":1729,"href":"https:\/\/lbam.pwr.edu.pl\/index.php?rest_route=\/wp\/v2\/pages\/778\/revisions\/1729"}],"wp:attachment":[{"href":"https:\/\/lbam.pwr.edu.pl\/index.php?rest_route=%2Fwp%2Fv2%2Fmedia&parent=778"}],"curies":[{"name":"wp","href":"https:\/\/api.w.org\/{rel}","templated":true}]}}