{"id":84,"date":"2014-09-24T22:40:08","date_gmt":"2014-09-24T20:40:08","guid":{"rendered":"http:\/\/lbam.pwr.edu.pl\/?page_id=84"},"modified":"2023-10-22T22:04:54","modified_gmt":"2023-10-22T20:04:54","slug":"fizjologia","status":"publish","type":"page","link":"https:\/\/lbam.pwr.edu.pl\/?page_id=84","title":{"rendered":"FIZJOLOGIA &#8211; III sem I st"},"content":{"rendered":"<p style=\"text-align: left; font-size: 30px;\"><a href=\"http:\/\/lbam.pwr.edu.pl\/wp-content\/uploads\/2014\/09\/krwinka.jpg\"><img loading=\"lazy\" decoding=\"async\" class=\"alignnone size-full wp-image-332\" src=\"http:\/\/lbam.pwr.edu.pl\/wp-content\/uploads\/2014\/09\/krwinka.jpg\" alt=\"krwinka\" width=\"750\" height=\"180\" srcset=\"https:\/\/lbam.pwr.edu.pl\/wp-content\/uploads\/2014\/09\/krwinka.jpg 750w, https:\/\/lbam.pwr.edu.pl\/wp-content\/uploads\/2014\/09\/krwinka-300x72.jpg 300w\" sizes=\"(max-width: 750px) 100vw, 750px\" \/><\/a><\/p>\n<p style=\"text-align: left; font-size: 30px;\"><span style=\"color: #ff0000;\">WYK\u0141AD<\/span><\/p>\n<p style=\"text-align: left;\"><span style=\"color: #ff0000;\">prowadz\u0105cy: <\/span>\u00a0dr hab. in\u017c. MAGDALENA PRZYBY\u0141O<\/p>\n<p style=\"text-align: left;\"><span style=\"color: #ff0000;\">miejsce:<\/span> budynek A1, sala 322<\/p>\n<p style=\"text-align: left;\"><span style=\"color: #ff0000;\">termin:<\/span> PN , godzina <strong>17:00-19:40<\/strong><\/p>\n<p style=\"text-align: left; font-size: 25px;\"><span style=\"color: #000000;\">WYK\u0141ADY Z FIZJOLOGII <\/span><\/p>\n<p class=\"p1\"><span class=\"s1\"><span style=\"color: #ff0000;\">01.<\/span> HOMEOSTAZA.<a href=\"http:\/\/lbam.pwr.edu.pl\/wp-content\/uploads\/2016\/10\/W1.pdf\" target=\"_blank\" rel=\"noopener\"> WYK\u0141AD 1 <\/a><\/span><\/p>\n<p class=\"p1\"><span class=\"s1\"><span style=\"color: #ff0000;\">02.<\/span> UK\u0141AD NERWOWY.<a href=\"http:\/\/lbam.pwr.edu.pl\/wp-content\/uploads\/2017\/01\/Fizjologia_W2_25112014.pdf\" target=\"_blank\" rel=\"noopener\"> WYK\u0141AD 2 <\/a><\/span><\/p>\n<p class=\"p1\"><span class=\"s1\"><span style=\"color: #ff0000;\">03-4.<\/span> UK\u0141AD KRWIONO\u015aNY.<a href=\"http:\/\/lbam.pwr.edu.pl\/wp-content\/uploads\/2017\/01\/W3_W4.pdf\" target=\"_blank\" rel=\"noopener\"> WYK\u0141AD 3_4 <\/a><\/span><\/p>\n<p class=\"p1\"><span class=\"s1\"><span style=\"color: #ff0000;\">05.<\/span> UK\u0141AD MOCZOWY &#8211; GOSPODARKA P\u0141YN\u00d3W.<a href=\"http:\/\/lbam.pwr.edu.pl\/wp-content\/uploads\/2017\/01\/Fizjologia_W5.pdf\" target=\"_blank\" rel=\"noopener\"> WYK\u0141AD 5 <\/a><\/span><\/p>\n<p class=\"p1\"><span class=\"s1\"><span style=\"color: #ff0000;\">06.<\/span> UK\u0141AD POKARMOWY.<a href=\"http:\/\/lbam.pwr.edu.pl\/wp-content\/uploads\/2017\/01\/Fizjologia_W6-Compressed.pdf\" target=\"_blank\" rel=\"noopener\"> WYK\u0141AD 6 <\/a><\/span><\/p>\n<p class=\"p1\"><span class=\"s1\"><span style=\"color: #ff0000;\">07.<\/span> UK\u0141AD ODDECHOWY.<a href=\"http:\/\/lbam.pwr.edu.pl\/wp-content\/uploads\/2017\/01\/Fizjologia_W7.pdf\" target=\"_blank\" rel=\"noopener\"> WYK\u0141AD 7 <\/a><\/span><\/p>\n<p>Uwaga. Terminy egzaminu z fizjologii:<br \/>\nDo ustalenia na pierwszych zaj\u0119ciach.<\/p>\n<p style=\"text-align: left; font-size: 25px;\"><span style=\"color: #000000;\">WYNIKI EGZAMIN\u00d3W<\/span><\/p>\n<p class=\"p1\">Je\u015bli ktokolwiek z pisz\u0105cych nie znajduje si\u0119 na li\u015bcie &#8211; prosz\u0119 o informacj\u0119 na adres magdalena.przybylo@pwr.edu.pl<\/p>\n<hr \/>\n<p style=\"text-align: left; font-size: 30px;\"><span style=\"color: #ff0000;\">LABORATORIUM<\/span><\/p>\n<p style=\"text-align: left;\"><span style=\"color: #ff0000;\">prowadz\u0105cy: <\/span>dr in\u017c. Magdalena Przyby\u0142o,\u00a0mgr in\u017c. Kamila Szostak<\/p>\n<p style=\"text-align: left;\"><span style=\"color: #ff0000;\">miejsce:<\/span> budynek D-1, sala 026b<\/p>\n<p style=\"text-align: left;\"><span style=\"color: #000000;\">HARMONOGRAM &#8211; do pierwszej cz\u0119\u015bci zaj\u0119\u0107<\/span><\/p>\n<table>\n<tbody>\n<tr>\n<td>GRUPA<\/td>\n<td>TYDZIE\u0143 I<\/td>\n<td>TYDZIE\u0143 II<\/td>\n<td>TYDZIE\u0143 III<\/td>\n<\/tr>\n<tr>\n<td>Grupa I<\/td>\n<td>\u0107wiczenie 01<\/td>\n<td>\u0107wiczenie 02<\/td>\n<td>\u0107wiczenie 03<\/td>\n<\/tr>\n<tr>\n<td>Grupa II<\/td>\n<td>\u0107wiczenie 01<\/td>\n<td>\u0107wiczenie 02<\/td>\n<td>\u0107wiczenie 03<\/td>\n<\/tr>\n<tr>\n<td>Grupa III<\/td>\n<td>\u0107wiczenie 01<\/td>\n<td>\u0107wiczenie 03<\/td>\n<td>\u0107wiczenie 02<\/td>\n<\/tr>\n<tr>\n<td>Grupa IV<\/td>\n<td>\u0107wiczenie 01<\/td>\n<td>\u0107wiczenie 03<\/td>\n<td>\u0107wiczenie 02<\/td>\n<\/tr>\n<\/tbody>\n<\/table>\n<p class=\"p1\"><span class=\"s1\"><span style=\"color: #ff0000;\">00.<\/span> Informacje wst\u0119pne.\u00a0<a href=\"http:\/\/lbam.pwr.edu.pl\/FILES\/LaboratoriumFIZJOLOGII.pdf\" target=\"_blank\" rel=\"noopener\"> INSTRUKCJA<\/a> | <a href=\"http:\/\/lbam.pwr.edu.pl\/FILES\/Fizjologia_Regulamin.pdf\" target=\"_blank\" rel=\"noopener\"> REGULAMIN<\/a><\/span><\/p>\n<p class=\"p1\"><span style=\"color: #ff0000;\">01.<\/span> Wst\u0119p do neurofizjologii &#8211; potencja\u0142 czynno\u015bciowy i po\u0142\u0105czenia synaptyczne.<\/p>\n<p class=\"p1\" style=\"text-indent: 26px;\"><a href=\"http:\/\/lbam.pwr.edu.pl\/FILES\/Fizjologia_Instrukcja_cw_1.pdf\" target=\"_blank\" rel=\"noopener\">INSTRUKCJA<\/a> | <a href=\"http:\/\/lbam.pwr.edu.pl\/FILES\/Wzor_sprawozdania.doc\" target=\"_blank\" rel=\"noopener\"> WZ\u00d3R SPRAWOZDANIA<\/a> | <a href=\"http:\/\/lbam.pwr.edu.pl\/FILES\/Fizjologia_Instrukcja_cw_1_ZD.pdf\" target=\"_blank\" rel=\"noopener\"> ZADANIE DOMOWE<\/a><\/p>\n<p class=\"p1\"><span class=\"s1\"><span style=\"color: #ff0000;\">02.<\/span> Trawienie bia\u0142ek, t\u0142uszcz\u00f3w i cukr\u00f3w.\u00a0<a href=\"http:\/\/lbam.pwr.edu.pl\/FILES\/Fizjologia_Instrukcja_cw_2.pdf\" target=\"_blank\" rel=\"noopener\">INSTRUKCJA<\/a><\/span><\/p>\n<p class=\"p1\"><span class=\"s1\"><span style=\"color: #ff0000;\">03.<\/span> Wyznaczanie punktu izoelektrycznego amfolit\u00f3w w koloidalnych roztworach bia\u0142ek.<a href=\"http:\/\/lbam.pwr.edu.pl\/FILES\/Fizjologia_Instrukcja_cw_3.pdf\" target=\"_blank\" rel=\"noopener\"> INSTRUKCJA<\/a><\/span><\/p>\n<p>Zaj\u0119cia 1-3 odbywaj\u0105 si\u0119 w grupach 3 osobowych.<\/p>\n<p class=\"p1\"><span style=\"color: #ff0000;\">04.<\/span> EMG\u00a0<a href=\"http:\/\/lbam.pwr.edu.pl\/FILES\/EMG.pdf\" target=\"_blank\" rel=\"noopener\">INSTRUKCJA<\/a><\/p>\n<p class=\"p1\"><span style=\"color: #ff0000;\">05.<\/span> EOG\u00a0<a href=\"http:\/\/lbam.pwr.edu.pl\/FILES\/Fizjologia_Instrukcja_cw_5.pdf\" target=\"_blank\" rel=\"noopener\">INSTRUKCJA<\/a><\/p>\n<p>Zaj\u0119cia 4 i 5 odbywaj\u0105 si\u0119 w grupach 4 osobowych, na trzech r\u00f3wnoleg\u0142ych stanowiskach.<\/p>\n<hr \/>\n<p class=\"p1\"><span style=\"color: #ff0000; font-size: 30px;\">ZALICZENIE<\/span><\/p>\n<p class=\"p1\">Ocena ko\u0144cowa jest \u015bredni\u0105 ocen z dw\u00f3ch cz\u0119\u015bci laboratorium. Cz\u0119\u015b\u0107 pierwsz\u0105 opisano powy\u017cej, za cz\u0119\u015b\u0107 drug\u0105 odpowiada dr in\u017c. Andrzej Hacho\u0142.<br \/>\nOcena z cz\u0119\u015bci pierwszej jest \u015bredni\u0105 arytmetyczn\u0105 ocen ze sprawozda\u0144, kartk\u00f3wek, pyta\u0144 na zaj\u0119ciach i oceny jako\u015bci pracy.<\/p>\n","protected":false},"excerpt":{"rendered":"<p>WYK\u0141AD prowadz\u0105cy: \u00a0dr hab. in\u017c. MAGDALENA PRZYBY\u0141O miejsce: budynek A1, sala 322 termin: PN , godzina 17:00-19:40 WYK\u0141ADY Z FIZJOLOGII 01. HOMEOSTAZA. WYK\u0141AD 1 02. UK\u0141AD NERWOWY. WYK\u0141AD 2 03-4. UK\u0141AD KRWIONO\u015aNY. WYK\u0141AD 3_4 05. UK\u0141AD MOCZOWY &#8211; GOSPODARKA P\u0141YN\u00d3W. WYK\u0141AD 5 06. UK\u0141AD POKARMOWY. WYK\u0141AD 6 07. UK\u0141AD ODDECHOWY. WYK\u0141AD 7 Uwaga. Terminy egzaminu&#8230;<\/p>\n<p><a href=\"https:\/\/lbam.pwr.edu.pl\/?page_id=84\"><span class=\"glyphicon glyphicon-arrow-right\"><\/span>&nbsp;Continue reading<\/a><\/p>","protected":false},"author":1,"featured_media":0,"parent":0,"menu_order":0,"comment_status":"closed","ping_status":"closed","template":"page-no-breadcrumbs.php","meta":{"footnotes":""},"_links":{"self":[{"href":"https:\/\/lbam.pwr.edu.pl\/index.php?rest_route=\/wp\/v2\/pages\/84"}],"collection":[{"href":"https:\/\/lbam.pwr.edu.pl\/index.php?rest_route=\/wp\/v2\/pages"}],"about":[{"href":"https:\/\/lbam.pwr.edu.pl\/index.php?rest_route=\/wp\/v2\/types\/page"}],"author":[{"embeddable":true,"href":"https:\/\/lbam.pwr.edu.pl\/index.php?rest_route=\/wp\/v2\/users\/1"}],"replies":[{"embeddable":true,"href":"https:\/\/lbam.pwr.edu.pl\/index.php?rest_route=%2Fwp%2Fv2%2Fcomments&post=84"}],"version-history":[{"count":106,"href":"https:\/\/lbam.pwr.edu.pl\/index.php?rest_route=\/wp\/v2\/pages\/84\/revisions"}],"predecessor-version":[{"id":1636,"href":"https:\/\/lbam.pwr.edu.pl\/index.php?rest_route=\/wp\/v2\/pages\/84\/revisions\/1636"}],"wp:attachment":[{"href":"https:\/\/lbam.pwr.edu.pl\/index.php?rest_route=%2Fwp%2Fv2%2Fmedia&parent=84"}],"curies":[{"name":"wp","href":"https:\/\/api.w.org\/{rel}","templated":true}]}}