{"id":92,"date":"2014-09-24T22:46:57","date_gmt":"2014-09-24T20:46:57","guid":{"rendered":"http:\/\/lbam.pwr.edu.pl\/?page_id=92"},"modified":"2026-02-04T13:20:05","modified_gmt":"2026-02-04T12:20:05","slug":"technologie-informacyjne","status":"publish","type":"page","link":"https:\/\/lbam.pwr.edu.pl\/?page_id=92","title":{"rendered":"PODSTAWY ANALIZY DANYCH &#8211; I sem I st"},"content":{"rendered":"<p style=\"text-align: left; font-size: 30px;\"><a href=\"http:\/\/lbam.pwr.edu.pl\/wp-content\/uploads\/2014\/09\/code2.jpg\"><img loading=\"lazy\" decoding=\"async\" class=\"alignnone size-full wp-image-338\" src=\"http:\/\/lbam.pwr.edu.pl\/wp-content\/uploads\/2014\/09\/code2.jpg\" alt=\"code2\" width=\"750\" height=\"180\" srcset=\"https:\/\/lbam.pwr.edu.pl\/wp-content\/uploads\/2014\/09\/code2.jpg 750w, https:\/\/lbam.pwr.edu.pl\/wp-content\/uploads\/2014\/09\/code2-300x72.jpg 300w\" sizes=\"(max-width: 750px) 100vw, 750px\" \/><\/a><\/p>\n<hr \/>\n<p style=\"text-align: left; font-size: 30px;\"><span style=\"color: #ff0000;\">LABORATORIUM<\/span><\/p>\n<p style=\"text-align: left;\"><span style=\"color: #ff0000;\">prowadz\u0105cy:<\/span>\u00a0dr hab. in\u017c. Magdalena Przyby\u0142o<\/p>\n<p style=\"text-align: left;\"><span style=\"color: #ff0000;\">miejsce:<\/span> 305 D-20<\/p>\n<p style=\"text-align: left;\"><span style=\"color: #ff0000;\">Konsultacje:<\/span>\u00a0 poniedzia\u0142ek 17:15- 19:15 pi\u0105tek 15:00-17:00<\/p>\n<p>Konsultacje r\u00f3wnie\u017c przez aplikacj\u0119 Zoom, kontakt mailowy: Magdalena.przybylo@pwr.edu.pl<\/p>\n<p style=\"text-align: left;\"><span style=\"color: #000000;\">MATERIA\u0141Y<\/span><\/p>\n<p><b>DR HAB. IN\u017b. MAGDALENA PRZYBY\u0141O<\/b><\/p>\n<p class=\"p1\"><span style=\"color: #ff0000;\">01.<\/span> Microsoft Excel \u0107w 1 do 7 \u00a0<a href=\"http:\/\/lbam.pwr.edu.pl\/wp-content\/uploads\/2016\/11\/TI_E-cel_cwiczenia_I_do_VII.pdf\" target=\"_blank\" rel=\"noopener\">INSTRUKCJA<\/a><\/p>\n<p class=\"p1\"><span style=\"color: #ff0000;\">02.<\/span> Microsoft Excel \u0107w 8 do 17 <a href=\"http:\/\/lbam.pwr.edu.pl\/wp-content\/uploads\/2016\/11\/TI_E-cel_\u0106wiczenie-VIIIdo-VII.pdf\" target=\"_blank\" rel=\"noopener\">INSTRUKCJA<\/a><\/p>\n<p class=\"p1\"><span style=\"color: #ff0000;\">02A.<\/span> Microsoft Excel zadania dodatkowe do zrobienia w domu <a href=\"http:\/\/lbam.pwr.edu.pl\/wp-content\/uploads\/2019\/10\/Zadania-dodatkowe-Excel.pdf\" target=\"_blank\" rel=\"noopener\">INSTRUKCJA<\/a><\/p>\n<p class=\"p1\"><span style=\"color: #ff0000;\">03.<\/span> Microsoft Excel Tabele przestawne <a href=\"http:\/\/lbam.pwr.edu.pl\/wp-content\/uploads\/2020\/11\/Tabele-i-funkcje-przestawne-kopia.pdf\" target=\"_blank\" rel=\"noopener\">INSTRUKCJA<\/a><\/p>\n<p class=\"p1\"><span style=\"color: #ff0000;\">03A.<\/span> Microsoft Excel Baza <a href=\"http:\/\/lbam.pwr.edu.pl\/wp-content\/uploads\/2016\/11\/baza_bank.-ls\" target=\"_blank\" rel=\"noopener\">INSTRUKCJA<\/a><\/p>\n<p class=\"p1\"><span style=\"color: #ff0000;\">04-05.<\/span> Microsoft Excel Makra <a href=\"http:\/\/lbam.pwr.edu.pl\/wp-content\/uploads\/2016\/12\/Instrukcja-VBA-E-cel-2013-wer-3.pdf\" target=\"_blank\" rel=\"noopener\">INSTRUKCJA<\/a><\/p>\n<p class=\"p1\"><span style=\"color: #ff0000;\">04\/5A.<\/span> Plik do \u0107w 3: <a href=\"http:\/\/lbam.pwr.edu.pl\/wp-content\/uploads\/2019\/11\/dodatki-do-pensji.xlsx\" target=\"_blank\" rel=\"noopener\">INSTRUKCJA<\/a><\/p>\n<p class=\"p1\"><span style=\"color: #ff0000;\">04\/5B.<\/span> Plik do \u0107w 2: <a href=\"http:\/\/lbam.pwr.edu.pl\/wp-content\/uploads\/2017\/12\/CW2Z5.-lsm\" target=\"_blank\" rel=\"noopener\">INSTRUKCJA<\/a><\/p>\n<p class=\"p1\"><span style=\"color: #ff0000;\">04\/5C.<\/span> Plik do \u0107w 6: <a href=\"http:\/\/lbam.pwr.edu.pl\/wp-content\/uploads\/2017\/12\/CW6.-ls\" target=\"_blank\" rel=\"noopener\">INSTRUKCJA<\/a><\/p>\n<p class=\"p1\"><span style=\"color: #ff0000;\">04\/5D.<\/span> Plik do \u0107w 7: <a href=\"http:\/\/lbam.pwr.edu.pl\/wp-content\/uploads\/2017\/12\/CW7.-ls\" target=\"_blank\" rel=\"noopener\">INSTRUKCJA<\/a><\/p>\n<p><span style=\"color: #ff0000;\">06. ZALICZENIE EXCEL<\/span><\/p>\n<p><span style=\"color: #ff0000;\">07. ZALICZENIE EXCEL MAKRA\u00a0<\/span><\/p>\n<p class=\"p1\"><span style=\"color: #ff0000;\">08.<\/span> Origin\u00a0Lab. <a href=\"http:\/\/lbam.pwr.edu.pl\/wp-content\/uploads\/2017\/01\/Origin_mat_2015.pdf\">POBIERZ<\/a><\/p>\n<p class=\"p1\"><span style=\"color: #ff0000;\">08A.<\/span> ORIGIN MATERIA\u0141Y <a href=\"http:\/\/lbam.pwr.edu.pl\/wp-content\/uploads\/2017\/01\/Origin_mat_2015.pdf\">POBIERZ<\/a><\/p>\n<p><span style=\"color: #ff0000;\">09.<\/span> Origin\u00a0Lab<\/p>\n<p>Link do pliku Gauss2d\u00a0<a href=\"https:\/\/drive.google.com\/drive\/folders\/13m5Ofy6kAn_5lrdn7c5ppWdux7sUy9_V?usp=sharing\">Guass2D do pobrania <\/a><\/p>\n<p><span style=\"color: #ff0000;\">10.<\/span> Origin\u00a0Lab<\/p>\n<p><span style=\"color: #ff0000;\">11.<\/span>\u00a0 Zaliczenie Origin Lab<\/p>\n<p><span style=\"color: #ff0000;\">12.<\/span> Gnuplot\u00a0<a href=\"http:\/\/lbam.pwr.edu.pl\/wp-content\/uploads\/2026\/02\/WstepGnuplot.pdf\" target=\"_blank\" rel=\"noopener\">Wstep Gnuplot<\/a><\/p>\n<p><span style=\"color: #ff0000;\">13.<\/span> Gnuplot<\/p>\n<p><span style=\"color: #ff0000;\">14.<\/span> Zaliczenie Gnuplot<\/p>\n<p>15. Termin poprawkowy<\/p>\n<hr \/>\n<p class=\"p1\">Ocena ko\u0144cowa jest \u015bredni\u0105 arytmetyczn\u0105 z ocen otrzymanych na zaliczeniach w trakcie zaj\u0119\u0107 oraz ocen za jako\u015b\u0107 pracy. Zasady dotycz\u0105ce obecno\u015bci na zaj\u0119ciach okre\u015blone s\u0105 w regulaminie Politechniki Wroc\u0142awskiej.<\/p>\n<p>&#8212;&#8212;&#8212;&#8212;&#8212;&#8212;&#8212;&#8212;&#8212;&#8212;&#8212;&#8212;&#8212;&#8212;&#8212;&#8212;&#8212;&#8212;&#8212;&#8212;&#8212;&#8212;&#8212;&#8212;&#8212;&#8212;&#8212;&#8212;&#8212;&#8212;&#8212;&#8212;&#8212;&#8212;&#8212;&#8212;&#8212;&#8212;&#8212;&#8212;&#8212;-<\/p>\n<p class=\"p1\">\u00a0<\/p>\n\n\n<div class=\"wp-block-file\"><a id=\"wp-block-file--media-0c6ff6d1-83d7-42ee-8242-b5e25ca9bd5b\" href=\"http:\/\/lbam.pwr.edu.pl\/wp-content\/uploads\/2024\/01\/Pliki-csv-do-zaliczenia-20230124.zip\">Pliki-csv-do-zaliczenia-20230124<\/a><a href=\"http:\/\/lbam.pwr.edu.pl\/wp-content\/uploads\/2024\/01\/Pliki-csv-do-zaliczenia-20230124.zip\" class=\"wp-block-file__button wp-element-button\" download aria-describedby=\"wp-block-file--media-0c6ff6d1-83d7-42ee-8242-b5e25ca9bd5b\">Download<\/a><\/div>\n","protected":false},"excerpt":{"rendered":"<p>LABORATORIUM prowadz\u0105cy:\u00a0dr hab. in\u017c. Magdalena Przyby\u0142o miejsce: 305 D-20 Konsultacje:\u00a0 poniedzia\u0142ek 17:15- 19:15 pi\u0105tek 15:00-17:00 Konsultacje r\u00f3wnie\u017c przez aplikacj\u0119 Zoom, kontakt mailowy: Magdalena.przybylo@pwr.edu.pl MATERIA\u0141Y DR HAB. IN\u017b. MAGDALENA PRZYBY\u0141O 01. Microsoft Excel \u0107w 1 do 7 \u00a0INSTRUKCJA 02. Microsoft Excel \u0107w 8 do 17 INSTRUKCJA 02A. Microsoft Excel zadania dodatkowe do zrobienia w domu INSTRUKCJA&#8230;<\/p>\n<p><a href=\"https:\/\/lbam.pwr.edu.pl\/?page_id=92\"><span class=\"glyphicon glyphicon-arrow-right\"><\/span>&nbsp;Continue reading<\/a><\/p>","protected":false},"author":1,"featured_media":0,"parent":5,"menu_order":0,"comment_status":"closed","ping_status":"closed","template":"page-no-breadcrumbs.php","meta":{"footnotes":""},"_links":{"self":[{"href":"https:\/\/lbam.pwr.edu.pl\/index.php?rest_route=\/wp\/v2\/pages\/92"}],"collection":[{"href":"https:\/\/lbam.pwr.edu.pl\/index.php?rest_route=\/wp\/v2\/pages"}],"about":[{"href":"https:\/\/lbam.pwr.edu.pl\/index.php?rest_route=\/wp\/v2\/types\/page"}],"author":[{"embeddable":true,"href":"https:\/\/lbam.pwr.edu.pl\/index.php?rest_route=\/wp\/v2\/users\/1"}],"replies":[{"embeddable":true,"href":"https:\/\/lbam.pwr.edu.pl\/index.php?rest_route=%2Fwp%2Fv2%2Fcomments&post=92"}],"version-history":[{"count":238,"href":"https:\/\/lbam.pwr.edu.pl\/index.php?rest_route=\/wp\/v2\/pages\/92\/revisions"}],"predecessor-version":[{"id":1736,"href":"https:\/\/lbam.pwr.edu.pl\/index.php?rest_route=\/wp\/v2\/pages\/92\/revisions\/1736"}],"up":[{"embeddable":true,"href":"https:\/\/lbam.pwr.edu.pl\/index.php?rest_route=\/wp\/v2\/pages\/5"}],"wp:attachment":[{"href":"https:\/\/lbam.pwr.edu.pl\/index.php?rest_route=%2Fwp%2Fv2%2Fmedia&parent=92"}],"curies":[{"name":"wp","href":"https:\/\/api.w.org\/{rel}","templated":true}]}}