{"id":94,"date":"2014-09-24T22:47:15","date_gmt":"2014-09-24T20:47:15","guid":{"rendered":"http:\/\/lbam.pwr.edu.pl\/?page_id=94"},"modified":"2025-12-01T15:33:17","modified_gmt":"2025-12-01T14:33:17","slug":"bionanostruktury","status":"publish","type":"page","link":"https:\/\/lbam.pwr.edu.pl\/?page_id=94","title":{"rendered":"BIONANOSTRUKTURY 1 &#8211; I sem II st"},"content":{"rendered":"<p style=\"font-size: 30px; text-align: left;\"><span style=\"color: #ff0000;\">WYK\u0141AD<\/span><\/p>\n<p style=\"text-align: left;\"><span style=\"color: #ff0000;\">prowadz\u0105cy: prof. Marek Langner , dr hab. in\u017c. Magdalena Przyby\u0142o\u00a0<\/span><\/p>\n<p style=\"text-align: left;\"><span style=\"color: #ff0000;\">miejsce:<\/span><\/p>\n<p style=\"text-align: left;\"><span style=\"color: #ff0000;\">termin:<\/span> , godzina<\/p>\n<p class=\"p1\"><span class=\"s1\"><span style=\"color: #ff0000;\">01.<\/span> Wst\u0119p.<a href=\"http:\/\/lbam.pwr.edu.pl\/FILES\/Lecture_1_introduction.pdf\" target=\"_blank\" rel=\"noopener\"> WYK\u0141AD 1 <\/a><\/span><\/p>\n<p class=\"p1\"><span class=\"s1\"><span style=\"color: #ff0000;\">02.<\/span> Woda.<a href=\"http:\/\/lbam.pwr.edu.pl\/FILES\/Lecture_2_Water.pdf\" target=\"_blank\" rel=\"noopener\"> WYK\u0141AD 2 <\/a><\/span><\/p>\n<p class=\"p1\"><span class=\"s1\"><span style=\"color: #ff0000;\">03.<\/span> Bia\u0142ka.<a href=\"http:\/\/lbam.pwr.edu.pl\/FILES\/Lecture_3_proteins.pdf\" target=\"_blank\" rel=\"noopener\"> WYK\u0141AD 3 <\/a><\/span><\/p>\n<p class=\"p1\"><span class=\"s1\"><span style=\"color: #ff0000;\">04.<\/span> Dwuwarstwa lipidowa.<a href=\"http:\/\/lbam.pwr.edu.pl\/FILES\/Lecture_Bionanostructures_Lipid bilayer.pdf\" target=\"_blank\" rel=\"noopener\"> WYK\u0141AD 4 <\/a><\/span><\/p>\n<p class=\"p1\"><span class=\"s1\"><span style=\"color: #ff0000;\">05.<\/span> Przep\u0142yw osmotyczny.<a href=\"http:\/\/lbam.pwr.edu.pl\/FILES\/Bioanostructure_Osmotic flow.pdf\" target=\"_blank\" rel=\"noopener\"> WYK\u0141AD 5 <\/a><\/span><\/p>\n<p class=\"p1\"><span class=\"s1\"><span style=\"color: #ff0000;\">06.<\/span> Elektrostatyka.<a href=\"http:\/\/lbam.pwr.edu.pl\/FILES\/Bioanostructures_Electrostatics.pdf\" target=\"_blank\" rel=\"noopener\"> WYK\u0141AD 6 <\/a><\/span><\/p>\n<p class=\"p1\"><span class=\"s1\"><span style=\"color: #ff0000;\">07.<\/span> Sprz\u0119\u017cenie mechaniczno-chemiczne<a href=\"http:\/\/lbam.pwr.edu.pl\/FILES\/Bioanostructures_Mechano-chemical coupling.pdf\" target=\"_blank\" rel=\"noopener\"> WYK\u0141AD 7 <\/a><\/span><\/p>\n<p>&nbsp;<\/p>\n<h1><span style=\"color: #000000;\">ZALICZENIE &#8211; BIONANOSTRUKTURY I\u00a0<\/span><\/h1>\n<p>&nbsp;<\/p>\n<p style=\"text-align: left; font-size: 30px;\"><span style=\"color: #ff0000;\">LABORATORIUM<\/span><\/p>\n<p style=\"text-align: left;\"><span style=\"color: #ff0000;\">prowadz\u0105cy:<\/span> dr hab. \u00a0in\u017c. Magdalena Przyby\u0142o<\/p>\n<p style=\"text-align: left;\"><span style=\"color: #ff0000;\">miejsce:<\/span> D1, sala\u00a0<strong>02 C !\u00a0<\/strong><\/p>\n<p style=\"text-align: left;\"><span style=\"color: #ff0000;\">termin:<\/span>\u00a0ustalany indywidualnie dla poszczeg\u00f3lnych grup &#8211; termin z harmonogramem zestawiono poni\u017cej:<\/p>\n<p style=\"text-align: left;\"><a href=\"http:\/\/lbam.pwr.edu.pl\/FILES\/Regulamin_pracowni_biofizycznej.pdf\" target=\"_blank\" rel=\"noopener\">REGULAMIN PRACOWNI BIOFIZYCZNEJ<\/a><\/p>\n<p><a href=\"http:\/\/lbam.pwr.edu.pl\/FILES\/prezentacjawprowadzajacaBionano.pdf\" target=\"_blank\" rel=\"noopener\">PREZENTACJA WPROWADZAJ\u0104CA<\/a><\/p>\n<p class=\"p1\"><span style=\"color: #ff0000;\">01<\/span>. CMC metod\u0105 konduktometryczn\u0105.\u00a0<a href=\"http:\/\/lbam.pwr.edu.pl\/FILES\/BionanoCw1CmcKonduktrometrycznie.pdf\" target=\"_blank\" rel=\"noopener\">INSTRUKCJA<\/a><\/p>\n<p class=\"p1\"><span class=\"s1\"><span style=\"color: #ff0000;\">02.<\/span> Wp\u0142yw soli na CMC.\u00a0<a href=\"http:\/\/lbam.pwr.edu.pl\/FILES\/BionanoCw2WplywSoliNaCmc.pdf\" target=\"_blank\" rel=\"noopener\">INSTRUKCJA<\/a><\/span><\/p>\n<p class=\"p1\"><span class=\"s1\"><span style=\"color: #ff0000;\">03.<\/span> Wyznaczanie pK kwasu.\u00a0<a href=\"http:\/\/lbam.pwr.edu.pl\/FILES\/BionanoCw3PkKwasu.pdf\" target=\"_blank\" rel=\"noopener\">INSTRUKCJA<\/a><\/span><\/p>\n<p class=\"p1\"><span class=\"s1\"><span style=\"color: #ff0000;\">04.<\/span> Wsp\u00f3\u0142czynnik podzia\u0142u.\u00a0<a href=\"http:\/\/lbam.pwr.edu.pl\/FILES\/BionanoCw4WspPodzialu.pdf\" target=\"_blank\" rel=\"noopener\">INSTRUKCJA<\/a><\/span><\/p>\n<p class=\"p1\">Materia\u0142y \/ opracowania do zaj\u0119\u0107.<\/p>\n<p><a title=\"CMC\" href=\"https:\/\/cdn.anatrace.com\/public\/98\/Anatrace-Detergents-Booklet-FINAL.pdf\" target=\"_blank\" rel=\"noopener\"> Detergents and their uses in membrane protein Science<\/a><\/p>\n<p>&nbsp;<\/p>\n<p>&nbsp;<\/p>\n<p>&nbsp;<\/p>\n<p>&nbsp;<\/p>\n","protected":false},"excerpt":{"rendered":"<p>WYK\u0141AD prowadz\u0105cy: prof. Marek Langner , dr hab. in\u017c. Magdalena Przyby\u0142o\u00a0 miejsce: termin: , godzina 01. Wst\u0119p. WYK\u0141AD 1 02. Woda. WYK\u0141AD 2 03. Bia\u0142ka. WYK\u0141AD 3 04. Dwuwarstwa lipidowa. WYK\u0141AD 4 05. Przep\u0142yw osmotyczny. WYK\u0141AD 5 06. Elektrostatyka. WYK\u0141AD 6 07. Sprz\u0119\u017cenie mechaniczno-chemiczne WYK\u0141AD 7 &nbsp; ZALICZENIE &#8211; BIONANOSTRUKTURY I\u00a0 &nbsp; LABORATORIUM prowadz\u0105cy: dr&#8230;<\/p>\n<p><a href=\"https:\/\/lbam.pwr.edu.pl\/?page_id=94\"><span class=\"glyphicon glyphicon-arrow-right\"><\/span>&nbsp;Continue reading<\/a><\/p>","protected":false},"author":1,"featured_media":0,"parent":5,"menu_order":0,"comment_status":"closed","ping_status":"closed","template":"page-no-breadcrumbs.php","meta":{"footnotes":""},"_links":{"self":[{"href":"https:\/\/lbam.pwr.edu.pl\/index.php?rest_route=\/wp\/v2\/pages\/94"}],"collection":[{"href":"https:\/\/lbam.pwr.edu.pl\/index.php?rest_route=\/wp\/v2\/pages"}],"about":[{"href":"https:\/\/lbam.pwr.edu.pl\/index.php?rest_route=\/wp\/v2\/types\/page"}],"author":[{"embeddable":true,"href":"https:\/\/lbam.pwr.edu.pl\/index.php?rest_route=\/wp\/v2\/users\/1"}],"replies":[{"embeddable":true,"href":"https:\/\/lbam.pwr.edu.pl\/index.php?rest_route=%2Fwp%2Fv2%2Fcomments&post=94"}],"version-history":[{"count":71,"href":"https:\/\/lbam.pwr.edu.pl\/index.php?rest_route=\/wp\/v2\/pages\/94\/revisions"}],"predecessor-version":[{"id":1733,"href":"https:\/\/lbam.pwr.edu.pl\/index.php?rest_route=\/wp\/v2\/pages\/94\/revisions\/1733"}],"up":[{"embeddable":true,"href":"https:\/\/lbam.pwr.edu.pl\/index.php?rest_route=\/wp\/v2\/pages\/5"}],"wp:attachment":[{"href":"https:\/\/lbam.pwr.edu.pl\/index.php?rest_route=%2Fwp%2Fv2%2Fmedia&parent=94"}],"curies":[{"name":"wp","href":"https:\/\/api.w.org\/{rel}","templated":true}]}}