{"id":98,"date":"2014-09-24T22:50:29","date_gmt":"2014-09-24T20:50:29","guid":{"rendered":"http:\/\/lbam.pwr.edu.pl\/?page_id=98"},"modified":"2023-11-20T19:03:51","modified_gmt":"2023-11-20T18:03:51","slug":"prowadzacy","status":"publish","type":"page","link":"https:\/\/lbam.pwr.edu.pl\/?page_id=98","title":{"rendered":"ZESP\u00d3\u0141"},"content":{"rendered":"\n<figure class=\"wp-block-image size-full\"><a href=\"http:\/\/lbam.pwr.edu.pl\/wp-content\/uploads\/2014\/09\/01g.jpg\"><img loading=\"lazy\" decoding=\"async\" width=\"750\" height=\"283\" src=\"http:\/\/lbam.pwr.edu.pl\/wp-content\/uploads\/2014\/09\/01g.jpg\" alt=\"\" class=\"wp-image-276\" srcset=\"https:\/\/lbam.pwr.edu.pl\/wp-content\/uploads\/2014\/09\/01g.jpg 750w, https:\/\/lbam.pwr.edu.pl\/wp-content\/uploads\/2014\/09\/01g-300x113.jpg 300w\" sizes=\"(max-width: 750px) 100vw, 750px\" \/><\/a><\/figure>\n\n\n\n<p class=\"has-vivid-red-color has-text-color has-link-color wp-elements-7b00477dc4ac2400e96e3cbd372a1184\">PROF. DR HAB. IN\u017b. MAREK LANGNER<\/p>\n\n\n\n<p>| Biosensory I, Biofizyka, Bionanostruktury, Modelowanie Proces\u00f3w Biologicznych |<br>budynek D-1, pok\u00f3j 219\/2<br>konsultacje: PN 11:-13, \u015aR 16-18<\/p>\n\n\n\n<figure class=\"wp-block-image size-full\"><a href=\"http:\/\/lbam.pwr.edu.pl\/wp-content\/uploads\/2014\/09\/02a.jpg\"><img loading=\"lazy\" decoding=\"async\" width=\"750\" height=\"283\" src=\"http:\/\/lbam.pwr.edu.pl\/wp-content\/uploads\/2014\/09\/02a.jpg\" alt=\"\" class=\"wp-image-278\" srcset=\"https:\/\/lbam.pwr.edu.pl\/wp-content\/uploads\/2014\/09\/02a.jpg 750w, https:\/\/lbam.pwr.edu.pl\/wp-content\/uploads\/2014\/09\/02a-300x113.jpg 300w\" sizes=\"(max-width: 750px) 100vw, 750px\" \/><\/a><\/figure>\n\n\n\n<p class=\"has-vivid-red-color has-text-color has-link-color wp-elements-6598381b9d83a8b89aa5324c5dbc34ec\">DR HAB. IN\u017b. MAGDALENA PRZYBY\u0141O, PROF. PWR<\/p>\n\n\n\n<p>| Fizjologia, Introduction to Medical Physiology, Podstawy Analizy Danych, Bionanostruktury |<br>budynek D-1, pok\u00f3j 014, b\u0105d\u017a 02 (laboratorium)<br>konsultacje: \u015aR 15-17, CZW 17-19 \/ w sprawach pilnych: magdalena.przybylo@pwr.edu.pl<\/p>\n\n\n\n<figure class=\"wp-block-image size-full\"><a href=\"http:\/\/lbam.pwr.edu.pl\/wp-content\/uploads\/2014\/09\/11a.jpg\"><img loading=\"lazy\" decoding=\"async\" width=\"750\" height=\"283\" src=\"http:\/\/lbam.pwr.edu.pl\/wp-content\/uploads\/2014\/09\/11a.jpg\" alt=\"\" class=\"wp-image-356\" srcset=\"https:\/\/lbam.pwr.edu.pl\/wp-content\/uploads\/2014\/09\/11a.jpg 750w, https:\/\/lbam.pwr.edu.pl\/wp-content\/uploads\/2014\/09\/11a-300x113.jpg 300w\" sizes=\"(max-width: 750px) 100vw, 750px\" \/><\/a><\/figure>\n\n\n\n<p class=\"has-vivid-red-color has-text-color has-link-color wp-elements-12a4dbeedda65e4e2c7642eefce00e97\">DR HAB. IN\u017b. SEBASTIAN KRASZEWSKI, PROF. PWR<\/p>\n\n\n\n<p>| Grafika Komputerowa, Podstawy Analizy Danych |<br>budynek D-1, pok\u00f3j 116<br>konsultacje:<\/p>\n\n\n\n<figure class=\"wp-block-image size-full\"><a href=\"http:\/\/lbam.pwr.edu.pl\/wp-content\/uploads\/2014\/09\/04.jpg\"><img loading=\"lazy\" decoding=\"async\" width=\"750\" height=\"283\" src=\"http:\/\/lbam.pwr.edu.pl\/wp-content\/uploads\/2014\/09\/04.jpg\" alt=\"\" class=\"wp-image-280\" srcset=\"https:\/\/lbam.pwr.edu.pl\/wp-content\/uploads\/2014\/09\/04.jpg 750w, https:\/\/lbam.pwr.edu.pl\/wp-content\/uploads\/2014\/09\/04-300x113.jpg 300w\" sizes=\"(max-width: 750px) 100vw, 750px\" \/><\/a><\/figure>\n\n\n\n<p class=\"has-vivid-red-color has-text-color has-link-color wp-elements-b05f09a01c5804d6671fef5ceeb5cdd2\">MGR. IN\u017b. WOJCIECH JOPEK<\/p>\n\n\n\n<p>| PhD Student |<br>budynek D-1, pok\u00f3j 02ab<\/p>\n\n\n\n<p class=\"has-vivid-red-color has-text-color has-link-color wp-elements-7ff557c185dc9419dce7d34f247058e0\">DR. IN\u017b. DOMINIK DRABIK<\/p>\n\n\n\n<p>| Podstawy Analizy Danych, Grafika Komputerowa, Fizyka \u0106wiczenia, Laboratorium Podstaw Fizyki |<br>budynek D-1, pok\u00f3j 014<br>konsultacje:<br>Prosz\u0119 umawia\u0107 si\u0119 mailowo.<\/p>\n\n\n\n<p class=\"has-vivid-red-color has-text-color has-link-color wp-elements-fa90a0a6941a75f9b3d65ee48a7c157d\">MGR. IN\u017b. MATEUSZ G\u0104BKA<\/p>\n\n\n\n<p>| PhD Student |<br>budynek D-1, pok\u00f3j 02ab<br><\/p>\n","protected":false},"excerpt":{"rendered":"<p>PROF. DR HAB. IN\u017b. MAREK LANGNER | Biosensory I, Biofizyka, Bionanostruktury, Modelowanie Proces\u00f3w Biologicznych |budynek D-1, pok\u00f3j 219\/2konsultacje: PN 11:-13, \u015aR 16-18 DR HAB. IN\u017b. MAGDALENA PRZYBY\u0141O, PROF. PWR | Fizjologia, Introduction to Medical Physiology, Podstawy Analizy Danych, Bionanostruktury |budynek D-1, pok\u00f3j 014, b\u0105d\u017a 02 (laboratorium)konsultacje: \u015aR 15-17, CZW 17-19 \/ w sprawach pilnych: magdalena.przybylo@pwr.edu.pl&#8230;<\/p>\n<p><a href=\"https:\/\/lbam.pwr.edu.pl\/?page_id=98\"><span class=\"glyphicon glyphicon-arrow-right\"><\/span>&nbsp;Continue reading<\/a><\/p>","protected":false},"author":1,"featured_media":0,"parent":0,"menu_order":0,"comment_status":"closed","ping_status":"closed","template":"","meta":{"footnotes":""},"_links":{"self":[{"href":"https:\/\/lbam.pwr.edu.pl\/index.php?rest_route=\/wp\/v2\/pages\/98"}],"collection":[{"href":"https:\/\/lbam.pwr.edu.pl\/index.php?rest_route=\/wp\/v2\/pages"}],"about":[{"href":"https:\/\/lbam.pwr.edu.pl\/index.php?rest_route=\/wp\/v2\/types\/page"}],"author":[{"embeddable":true,"href":"https:\/\/lbam.pwr.edu.pl\/index.php?rest_route=\/wp\/v2\/users\/1"}],"replies":[{"embeddable":true,"href":"https:\/\/lbam.pwr.edu.pl\/index.php?rest_route=%2Fwp%2Fv2%2Fcomments&post=98"}],"version-history":[{"count":121,"href":"https:\/\/lbam.pwr.edu.pl\/index.php?rest_route=\/wp\/v2\/pages\/98\/revisions"}],"predecessor-version":[{"id":1715,"href":"https:\/\/lbam.pwr.edu.pl\/index.php?rest_route=\/wp\/v2\/pages\/98\/revisions\/1715"}],"wp:attachment":[{"href":"https:\/\/lbam.pwr.edu.pl\/index.php?rest_route=%2Fwp%2Fv2%2Fmedia&parent=98"}],"curies":[{"name":"wp","href":"https:\/\/api.w.org\/{rel}","templated":true}]}}